{"id":527,"date":"2025-06-02T00:22:34","date_gmt":"2025-06-01T22:22:34","guid":{"rendered":"https:\/\/schodywk.instalelektryk.pl\/?page_id=527"},"modified":"2025-06-02T00:55:42","modified_gmt":"2025-06-01T22:55:42","slug":"schody-policzkowe-2","status":"publish","type":"page","link":"https:\/\/schodywk.instalelektryk.pl\/?page_id=527","title":{"rendered":"Schody Policzkowe"},"content":{"rendered":"\t\t<div data-elementor-type=\"wp-page\" data-elementor-id=\"527\" class=\"elementor elementor-527\" data-elementor-post-type=\"page\">\n\t\t\t\t<div class=\"elementor-element elementor-element-71e754a8 e-con-full e-flex elementor-invisible e-con e-parent\" data-id=\"71e754a8\" data-element_type=\"container\" data-settings=\"{&quot;animation&quot;:&quot;fadeInUp&quot;}\">\n\t\t\t\t<div class=\"elementor-element elementor-element-302c7be0 elementor-widget__width-initial elementor-widget-mobile__width-initial elementor-widget elementor-widget-text-editor\" data-id=\"302c7be0\" data-element_type=\"widget\" data-widget_type=\"text-editor.default\">\n\t\t\t\t<div class=\"elementor-widget-container\">\n\t\t\t\t\t\t\t\t\t<p dir=\"ltr\" data-pm-slice=\"1 3 []\">Klasyczne, sprawdzone, eleganckie \u2013 schody policzkowe to rozwi\u0105zanie, kt\u00f3re od lat kr\u00f3luje w domach, biurach i przestrzeniach publicznych. Ich uniwersalny wygl\u0105d sprawia, \u017ce wpasuj\u0105 si\u0119 w ka\u017cdy styl wn\u0119trza, od tradycyjnych aran\u017cacji po nowoczesne i industrialne przestrzenie.<\/p>\t\t\t\t\t\t\t\t<\/div>\n\t\t\t\t<\/div>\n\t\t\t\t<div class=\"elementor-element elementor-element-1cdcc2de elementor-widget__width-initial elementor-widget-mobile__width-initial elementor-widget elementor-widget-heading\" data-id=\"1cdcc2de\" data-element_type=\"widget\" data-widget_type=\"heading.default\">\n\t\t\t\t<div class=\"elementor-widget-container\">\n\t\t\t\t\t<h2 class=\"elementor-heading-title elementor-size-default\">Klasyka i elegancja<\/h2>\t\t\t\t<\/div>\n\t\t\t\t<\/div>\n\t\t<div class=\"elementor-element elementor-element-5f6431bb e-con-full e-flex e-con e-child\" data-id=\"5f6431bb\" data-element_type=\"container\" data-settings=\"{&quot;background_background&quot;:&quot;classic&quot;,&quot;background_motion_fx_motion_fx_scrolling&quot;:&quot;yes&quot;,&quot;background_motion_fx_blur_effect&quot;:&quot;yes&quot;,&quot;background_motion_fx_range&quot;:&quot;viewport&quot;,&quot;background_motion_fx_motion_fx_mouse&quot;:&quot;yes&quot;,&quot;background_motion_fx_mouseTrack_effect&quot;:&quot;yes&quot;,&quot;background_motion_fx_blur_direction&quot;:&quot;out-in&quot;,&quot;background_motion_fx_blur_level&quot;:{&quot;unit&quot;:&quot;px&quot;,&quot;size&quot;:7,&quot;sizes&quot;:[]},&quot;background_motion_fx_blur_range&quot;:{&quot;unit&quot;:&quot;%&quot;,&quot;size&quot;:&quot;&quot;,&quot;sizes&quot;:{&quot;start&quot;:20,&quot;end&quot;:80}},&quot;background_motion_fx_devices&quot;:[&quot;desktop&quot;,&quot;tablet&quot;,&quot;mobile&quot;],&quot;background_motion_fx_mouseTrack_speed&quot;:{&quot;unit&quot;:&quot;px&quot;,&quot;size&quot;:1,&quot;sizes&quot;:[]}}\">\n\t\t\t\t<div class=\"elementor-element elementor-element-574a93ed elementor-widget__width-initial e-transform elementor-widget elementor-widget-image\" data-id=\"574a93ed\" data-element_type=\"widget\" data-settings=\"{&quot;motion_fx_motion_fx_scrolling&quot;:&quot;yes&quot;,&quot;_transform_scale_effect&quot;:{&quot;unit&quot;:&quot;px&quot;,&quot;size&quot;:2,&quot;sizes&quot;:[]},&quot;motion_fx_translateX_effect&quot;:&quot;yes&quot;,&quot;motion_fx_translateX_affectedRange&quot;:{&quot;unit&quot;:&quot;%&quot;,&quot;size&quot;:&quot;&quot;,&quot;sizes&quot;:{&quot;start&quot;:0,&quot;end&quot;:36}},&quot;motion_fx_translateX_speed&quot;:{&quot;unit&quot;:&quot;px&quot;,&quot;size&quot;:4,&quot;sizes&quot;:[]},&quot;motion_fx_devices&quot;:[&quot;desktop&quot;,&quot;tablet&quot;,&quot;mobile&quot;],&quot;_transform_scale_effect_tablet&quot;:{&quot;unit&quot;:&quot;px&quot;,&quot;size&quot;:&quot;&quot;,&quot;sizes&quot;:[]},&quot;_transform_scale_effect_mobile&quot;:{&quot;unit&quot;:&quot;px&quot;,&quot;size&quot;:&quot;&quot;,&quot;sizes&quot;:[]}}\" data-widget_type=\"image.default\">\n\t\t\t\t<div class=\"elementor-widget-container\">\n\t\t\t\t\t\t\t\t\t\t\t\t\t\t\t<img fetchpriority=\"high\" decoding=\"async\" width=\"768\" height=\"1024\" src=\"https:\/\/schodywk.instalelektryk.pl\/wp-content\/uploads\/2025\/04\/Schody-policzkowe-nowoczesne-scaled-1-768x1024.webp\" class=\"attachment-large size-large wp-image-39\" alt=\"\" srcset=\"https:\/\/schodywk.instalelektryk.pl\/wp-content\/uploads\/2025\/04\/Schody-policzkowe-nowoczesne-scaled-1-768x1024.webp 768w, https:\/\/schodywk.instalelektryk.pl\/wp-content\/uploads\/2025\/04\/Schody-policzkowe-nowoczesne-scaled-1-225x300.webp 225w, https:\/\/schodywk.instalelektryk.pl\/wp-content\/uploads\/2025\/04\/Schody-policzkowe-nowoczesne-scaled-1-1152x1536.webp 1152w, https:\/\/schodywk.instalelektryk.pl\/wp-content\/uploads\/2025\/04\/Schody-policzkowe-nowoczesne-scaled-1-1536x2048.webp 1536w, https:\/\/schodywk.instalelektryk.pl\/wp-content\/uploads\/2025\/04\/Schody-policzkowe-nowoczesne-scaled-1.webp 1920w\" sizes=\"(max-width: 768px) 100vw, 768px\" \/>\t\t\t\t\t\t\t\t\t\t\t\t\t\t\t<\/div>\n\t\t\t\t<\/div>\n\t\t\t\t<\/div>\n\t\t\t\t<\/div>\n\t\t<div class=\"elementor-element elementor-element-edd150a animated-slow e-flex e-con-boxed elementor-invisible e-con e-parent\" data-id=\"edd150a\" data-element_type=\"container\" data-settings=\"{&quot;animation&quot;:&quot;zoomInRight&quot;,&quot;background_background&quot;:&quot;classic&quot;}\">\n\t\t\t\t\t<div class=\"e-con-inner\">\n\t\t<div class=\"elementor-element elementor-element-d5f75aa e-con-full e-flex e-con e-child\" data-id=\"d5f75aa\" data-element_type=\"container\" data-settings=\"{&quot;background_background&quot;:&quot;classic&quot;,&quot;background_motion_fx_motion_fx_scrolling&quot;:&quot;yes&quot;,&quot;background_motion_fx_blur_effect&quot;:&quot;yes&quot;,&quot;background_motion_fx_range&quot;:&quot;viewport&quot;,&quot;background_motion_fx_motion_fx_mouse&quot;:&quot;yes&quot;,&quot;background_motion_fx_mouseTrack_effect&quot;:&quot;yes&quot;,&quot;background_motion_fx_blur_direction&quot;:&quot;out-in&quot;,&quot;background_motion_fx_blur_level&quot;:{&quot;unit&quot;:&quot;px&quot;,&quot;size&quot;:7,&quot;sizes&quot;:[]},&quot;background_motion_fx_blur_range&quot;:{&quot;unit&quot;:&quot;%&quot;,&quot;size&quot;:&quot;&quot;,&quot;sizes&quot;:{&quot;start&quot;:20,&quot;end&quot;:80}},&quot;background_motion_fx_devices&quot;:[&quot;desktop&quot;,&quot;tablet&quot;,&quot;mobile&quot;],&quot;background_motion_fx_mouseTrack_speed&quot;:{&quot;unit&quot;:&quot;px&quot;,&quot;size&quot;:1,&quot;sizes&quot;:[]}}\">\n\t\t\t\t<div class=\"elementor-element elementor-element-fbe766f e-transform elementor-widget elementor-widget-shortcode\" data-id=\"fbe766f\" data-element_type=\"widget\" data-settings=\"{&quot;_transform_scale_effect&quot;:{&quot;unit&quot;:&quot;px&quot;,&quot;size&quot;:1.2,&quot;sizes&quot;:[]},&quot;_transform_scale_effect_tablet&quot;:{&quot;unit&quot;:&quot;px&quot;,&quot;size&quot;:&quot;&quot;,&quot;sizes&quot;:[]},&quot;_transform_scale_effect_mobile&quot;:{&quot;unit&quot;:&quot;px&quot;,&quot;size&quot;:&quot;&quot;,&quot;sizes&quot;:[]}}\" data-widget_type=\"shortcode.default\">\n\t\t\t\t<div class=\"elementor-widget-container\">\n\t\t\t\t\t\t\t<div class=\"elementor-shortcode\">\n        <div class=\"modelViewerBlock\" data-attributes='{&quot;align&quot;:&quot;center&quot;,&quot;uniqueId&quot;:&quot;model530&quot;,&quot;currentViewer&quot;:&quot;modelViewer&quot;,&quot;multiple&quot;:false,&quot;model&quot;:{&quot;modelUrl&quot;:&quot;https:\\\/\\\/schodywk.instalelektryk.pl\\\/wp-content\\\/uploads\\\/2025\\\/06\\\/schody-policzkowe.glb&quot;,&quot;poster&quot;:&quot;&quot;},&quot;O3DVSettings&quot;:{&quot;isFullscreen&quot;:true,&quot;isPagination&quot;:false,&quot;isNavigation&quot;:true,&quot;camera&quot;:null,&quot;mouseControl&quot;:true},&quot;models&quot;:[],&quot;lazyLoad&quot;:false,&quot;loading&quot;:&quot;auto&quot;,&quot;autoplay&quot;:false,&quot;shadow&quot;:true,&quot;autoRotate&quot;:false,&quot;zoom&quot;:true,&quot;isPagination&quot;:false,&quot;isNavigation&quot;:true,&quot;preload&quot;:&quot;auto&quot;,&quot;rotationPerSecond&quot;:&quot;30&quot;,&quot;mouseControl&quot;:true,&quot;fullscreen&quot;:true,&quot;variant&quot;:false,&quot;loadingPercentage&quot;:false,&quot;progressBar&quot;:true,&quot;rotate&quot;:false,&quot;rotateAlongX&quot;:&quot;0&quot;,&quot;rotateAlongY&quot;:&quot;75&quot;,&quot;exposure&quot;:&quot;1&quot;,&quot;styles&quot;:{&quot;width&quot;:&quot;100%&quot;,&quot;height&quot;:&quot;320px&quot;,&quot;bgColor&quot;:&quot;transparent&quot;,&quot;progressBarColor&quot;:&quot;&quot;},&quot;stylesheet&quot;:null,&quot;additional&quot;:{&quot;ID&quot;:&quot;&quot;,&quot;Class&quot;:&quot;&quot;,&quot;CSS&quot;:&quot;&quot;},&quot;animation&quot;:false,&quot;woo&quot;:false,&quot;selectedAnimation&quot;:&quot;&quot;}'><\/div>\n\n        <\/div>\n\t\t\t\t\t\t<\/div>\n\t\t\t\t<\/div>\n\t\t\t\t<div class=\"elementor-element elementor-element-928fdfe elementor-widget__width-initial elementor-widget-mobile__width-initial elementor-widget elementor-widget-text-editor\" data-id=\"928fdfe\" data-element_type=\"widget\" data-widget_type=\"text-editor.default\">\n\t\t\t\t<div class=\"elementor-widget-container\">\n\t\t\t\t\t\t\t\t\t<p data-start=\"159\" data-end=\"753\">(Obracaj obiektem 3d za pomoc\u0105 palc\u00f3w, lub kursora)<\/p>\t\t\t\t\t\t\t\t<\/div>\n\t\t\t\t<\/div>\n\t\t\t\t<\/div>\n\t\t\t\t<div class=\"elementor-element elementor-element-80b7036 elementor-widget__width-initial elementor-widget-mobile__width-initial elementor-widget elementor-widget-heading\" data-id=\"80b7036\" data-element_type=\"widget\" data-widget_type=\"heading.default\">\n\t\t\t\t<div class=\"elementor-widget-container\">\n\t\t\t\t\t<h2 class=\"elementor-heading-title elementor-size-default\">Z nami od projektu a\u017c do monta\u017cu<\/h2>\t\t\t\t<\/div>\n\t\t\t\t<\/div>\n\t\t\t\t<div class=\"elementor-element elementor-element-458c8e4 elementor-widget__width-initial elementor-widget-mobile__width-initial elementor-widget elementor-widget-text-editor\" data-id=\"458c8e4\" data-element_type=\"widget\" data-widget_type=\"text-editor.default\">\n\t\t\t\t<div class=\"elementor-widget-container\">\n\t\t\t\t\t\t\t\t\t<p data-start=\"159\" data-end=\"753\">Schody policzkowe to konstrukcja oparta na dw\u00f3ch bocznych belkach (policzkach), pomi\u0119dzy kt\u00f3rymi osadzone s\u0105 stopnie. Mo\u017cesz wybra\u0107 stopnie z g\u0142adkiej blachy lub drewna, je\u015bli marzysz o loftowym klimacie, albo postawi\u0107 na blach\u0119 ryflowan\u0105, kt\u00f3ra nada ca\u0142o\u015bci surowego, industrialnego charakteru. Dzi\u0119ki a\u017curowej konstrukcji schody optycznie powi\u0119kszaj\u0105 przestrze\u0144, a jednocze\u015bnie zajmuj\u0105 niewiele miejsca.<\/p>\t\t\t\t\t\t\t\t<\/div>\n\t\t\t\t<\/div>\n\t\t\t\t\t<\/div>\n\t\t\t\t<\/div>\n\t\t<div class=\"elementor-element elementor-element-5020568 e-flex e-con-boxed elementor-invisible e-con e-parent\" data-id=\"5020568\" data-element_type=\"container\" data-settings=\"{&quot;animation&quot;:&quot;fadeIn&quot;,&quot;background_background&quot;:&quot;video&quot;,&quot;background_play_on_mobile&quot;:&quot;yes&quot;}\">\n\t\t\t\t\t<div class=\"e-con-inner\">\n\t\t\t\t<div class=\"elementor-element elementor-element-b73af96 elementor-widget__width-initial elementor-widget-mobile__width-initial elementor-widget elementor-widget-heading\" data-id=\"b73af96\" data-element_type=\"widget\" data-widget_type=\"heading.default\">\n\t\t\t\t<div class=\"elementor-widget-container\">\n\t\t\t\t\t<h2 class=\"elementor-heading-title elementor-size-default\">Wyj\u0105tkowe dzie\u0142o naszych r\u0105k<\/h2>\t\t\t\t<\/div>\n\t\t\t\t<\/div>\n\t\t\t\t<div class=\"elementor-element elementor-element-16ca2fe elementor-widget__width-initial elementor-widget-mobile__width-initial elementor-widget elementor-widget-text-editor\" data-id=\"16ca2fe\" data-element_type=\"widget\" data-widget_type=\"text-editor.default\">\n\t\t\t\t<div class=\"elementor-widget-container\">\n\t\t\t\t\t\t\t\t\t<h3 data-start=\"155\" data-end=\"187\">Wyobra\u017a sobie schody, kt\u00f3re nie tylko \u0142\u0105cz\u0105 pi\u0119tra, ale te\u017c podkre\u015blaj\u0105 styl Twojego wn\u0119trza.<\/h3><h3 data-start=\"155\" data-end=\"187\">Schody policzkowe to po\u0142\u0105czenie elegancji, funkcjonalno\u015bci i trwa\u0142o\u015bci<\/h3><h3 data-start=\"155\" data-end=\"187\">\u2014 daj\u0105 ogromne mo\u017cliwo\u015bci personalizacji, pozwalaj\u0105c dopasowa\u0107 materia\u0142y, kolory i detale do Twoich preferencji.<\/h3>\t\t\t\t\t\t\t\t<\/div>\n\t\t\t\t<\/div>\n\t\t<div class=\"elementor-element elementor-element-ddf328f e-con-full e-flex e-con e-child\" data-id=\"ddf328f\" data-element_type=\"container\" data-settings=\"{&quot;background_background&quot;:&quot;classic&quot;,&quot;background_motion_fx_motion_fx_scrolling&quot;:&quot;yes&quot;,&quot;background_motion_fx_blur_effect&quot;:&quot;yes&quot;,&quot;background_motion_fx_range&quot;:&quot;viewport&quot;,&quot;background_motion_fx_motion_fx_mouse&quot;:&quot;yes&quot;,&quot;background_motion_fx_mouseTrack_effect&quot;:&quot;yes&quot;,&quot;background_motion_fx_blur_direction&quot;:&quot;out-in&quot;,&quot;background_motion_fx_blur_level&quot;:{&quot;unit&quot;:&quot;px&quot;,&quot;size&quot;:7,&quot;sizes&quot;:[]},&quot;background_motion_fx_blur_range&quot;:{&quot;unit&quot;:&quot;%&quot;,&quot;size&quot;:&quot;&quot;,&quot;sizes&quot;:{&quot;start&quot;:20,&quot;end&quot;:80}},&quot;background_motion_fx_devices&quot;:[&quot;desktop&quot;,&quot;tablet&quot;,&quot;mobile&quot;],&quot;background_motion_fx_mouseTrack_speed&quot;:{&quot;unit&quot;:&quot;px&quot;,&quot;size&quot;:1,&quot;sizes&quot;:[]}}\">\n\t\t\t\t<div class=\"elementor-element elementor-element-8239769 elementor-widget__width-initial elementor-widget elementor-widget-image\" data-id=\"8239769\" data-element_type=\"widget\" data-widget_type=\"image.default\">\n\t\t\t\t<div class=\"elementor-widget-container\">\n\t\t\t\t\t\t\t\t\t\t\t\t\t\t\t<img decoding=\"async\" width=\"800\" height=\"600\" src=\"https:\/\/schodywk.instalelektryk.pl\/wp-content\/uploads\/2025\/06\/Schody-metalowe-wewn_trzne-8-scaled-1-1024x768.webp\" class=\"attachment-large size-large wp-image-536\" alt=\"\" srcset=\"https:\/\/schodywk.instalelektryk.pl\/wp-content\/uploads\/2025\/06\/Schody-metalowe-wewn_trzne-8-scaled-1-1024x768.webp 1024w, https:\/\/schodywk.instalelektryk.pl\/wp-content\/uploads\/2025\/06\/Schody-metalowe-wewn_trzne-8-scaled-1-300x225.webp 300w, https:\/\/schodywk.instalelektryk.pl\/wp-content\/uploads\/2025\/06\/Schody-metalowe-wewn_trzne-8-scaled-1-768x576.webp 768w, https:\/\/schodywk.instalelektryk.pl\/wp-content\/uploads\/2025\/06\/Schody-metalowe-wewn_trzne-8-scaled-1-1536x1152.webp 1536w, https:\/\/schodywk.instalelektryk.pl\/wp-content\/uploads\/2025\/06\/Schody-metalowe-wewn_trzne-8-scaled-1-2048x1536.webp 2048w, https:\/\/schodywk.instalelektryk.pl\/wp-content\/uploads\/2025\/06\/Schody-metalowe-wewn_trzne-8-scaled-1-32x24.webp 32w, https:\/\/schodywk.instalelektryk.pl\/wp-content\/uploads\/2025\/06\/Schody-metalowe-wewn_trzne-8-scaled-1-600x450.webp 600w\" sizes=\"(max-width: 800px) 100vw, 800px\" \/>\t\t\t\t\t\t\t\t\t\t\t\t\t\t\t<\/div>\n\t\t\t\t<\/div>\n\t\t\t\t<\/div>\n\t\t\t\t\t<\/div>\n\t\t\t\t<\/div>\n\t\t<div class=\"elementor-element elementor-element-c8adca0 e-flex e-con-boxed e-con e-parent\" data-id=\"c8adca0\" data-element_type=\"container\">\n\t\t\t\t\t<div class=\"e-con-inner\">\n\t\t<div class=\"elementor-element elementor-element-3b46d7d animated-slow e-con-full e-flex elementor-invisible e-con e-child\" data-id=\"3b46d7d\" data-element_type=\"container\" data-settings=\"{&quot;animation&quot;:&quot;zoomInRight&quot;,&quot;background_background&quot;:&quot;classic&quot;}\">\n\t\t\t\t<div class=\"elementor-element elementor-element-7fe7382 elementor-widget__width-initial elementor-widget-mobile__width-initial elementor-widget elementor-widget-heading\" data-id=\"7fe7382\" data-element_type=\"widget\" data-widget_type=\"heading.default\">\n\t\t\t\t<div class=\"elementor-widget-container\">\n\t\t\t\t\t<h2 class=\"elementor-heading-title elementor-size-default\">Zaprojektujemy Twoje schody<\/h2>\t\t\t\t<\/div>\n\t\t\t\t<\/div>\n\t\t\t\t<div class=\"elementor-element elementor-element-726771a e-transform elementor-widget elementor-widget-image\" data-id=\"726771a\" data-element_type=\"widget\" data-settings=\"{&quot;_transform_scale_effect&quot;:{&quot;unit&quot;:&quot;px&quot;,&quot;size&quot;:1.1,&quot;sizes&quot;:[]},&quot;_transform_scale_effect_tablet&quot;:{&quot;unit&quot;:&quot;px&quot;,&quot;size&quot;:&quot;&quot;,&quot;sizes&quot;:[]},&quot;_transform_scale_effect_mobile&quot;:{&quot;unit&quot;:&quot;px&quot;,&quot;size&quot;:&quot;&quot;,&quot;sizes&quot;:[]}}\" data-widget_type=\"image.default\">\n\t\t\t\t<div class=\"elementor-widget-container\">\n\t\t\t\t\t\t\t\t\t\t\t\t\t\t\t<img decoding=\"async\" width=\"800\" height=\"450\" src=\"https:\/\/schodywk.instalelektryk.pl\/wp-content\/uploads\/2025\/04\/schody-policzkowe-1024x576.webp\" class=\"attachment-large size-large wp-image-43\" alt=\"\" srcset=\"https:\/\/schodywk.instalelektryk.pl\/wp-content\/uploads\/2025\/04\/schody-policzkowe-1024x576.webp 1024w, https:\/\/schodywk.instalelektryk.pl\/wp-content\/uploads\/2025\/04\/schody-policzkowe-300x169.webp 300w, https:\/\/schodywk.instalelektryk.pl\/wp-content\/uploads\/2025\/04\/schody-policzkowe-768x432.webp 768w, https:\/\/schodywk.instalelektryk.pl\/wp-content\/uploads\/2025\/04\/schody-policzkowe.webp 1536w\" sizes=\"(max-width: 800px) 100vw, 800px\" \/>\t\t\t\t\t\t\t\t\t\t\t\t\t\t\t<\/div>\n\t\t\t\t<\/div>\n\t\t\t\t<div class=\"elementor-element elementor-element-84ca505 elementor-widget__width-initial elementor-widget-mobile__width-initial elementor-widget elementor-widget-text-editor\" data-id=\"84ca505\" data-element_type=\"widget\" data-widget_type=\"text-editor.default\">\n\t\t\t\t<div class=\"elementor-widget-container\">\n\t\t\t\t\t\t\t\t\t<p data-start=\"159\" data-end=\"753\">Zaprojektujmy razem schody, kt\u00f3re nie tylko \u0142\u0105cz\u0105 pi\u0119tra, ale te\u017c staj\u0105 si\u0119 centralnym punktem Twojego domu. Skontaktuj si\u0119 z nami \u2014 przygotujemy indywidualny projekt, pomo\u017cemy w wyborze najlepszych rozwi\u0105za\u0144 i zadbamy, \u017ceby ka\u017cdy szczeg\u00f3\u0142 by\u0142 perfekcyjnie dopracowany. Tw\u00f3j pomys\u0142, nasza konstrukcja \u2014 efekt, kt\u00f3ry Ci\u0119 zachwyci!<\/p>\t\t\t\t\t\t\t\t<\/div>\n\t\t\t\t<\/div>\n\t\t\t\t<\/div>\n\t\t\t\t\t<\/div>\n\t\t\t\t<\/div>\n\t\t\t\t<\/div>\n\t\t","protected":false},"excerpt":{"rendered":"<p>Klasyczne, sprawdzone, eleganckie \u2013 schody policzkowe to rozwi\u0105zanie, kt\u00f3re od lat kr\u00f3luje w domach, biurach i przestrzeniach publicznych. Ich uniwersalny wygl\u0105d sprawia, \u017ce wpasuj\u0105 si\u0119 w ka\u017cdy styl wn\u0119trza, od tradycyjnych aran\u017cacji po nowoczesne i industrialne przestrzenie. Klasyka i elegancja (Obracaj obiektem 3d za pomoc\u0105 palc\u00f3w, lub kursora) Z nami od projektu a\u017c do monta\u017cu [&hellip;]<\/p>\n","protected":false},"author":1,"featured_media":0,"parent":0,"menu_order":0,"comment_status":"closed","ping_status":"closed","template":"","meta":{"footnotes":""},"class_list":["post-527","page","type-page","status-publish","hentry"],"_links":{"self":[{"href":"https:\/\/schodywk.instalelektryk.pl\/index.php?rest_route=\/wp\/v2\/pages\/527","targetHints":{"allow":["GET"]}}],"collection":[{"href":"https:\/\/schodywk.instalelektryk.pl\/index.php?rest_route=\/wp\/v2\/pages"}],"about":[{"href":"https:\/\/schodywk.instalelektryk.pl\/index.php?rest_route=\/wp\/v2\/types\/page"}],"author":[{"embeddable":true,"href":"https:\/\/schodywk.instalelektryk.pl\/index.php?rest_route=\/wp\/v2\/users\/1"}],"replies":[{"embeddable":true,"href":"https:\/\/schodywk.instalelektryk.pl\/index.php?rest_route=%2Fwp%2Fv2%2Fcomments&post=527"}],"version-history":[{"count":13,"href":"https:\/\/schodywk.instalelektryk.pl\/index.php?rest_route=\/wp\/v2\/pages\/527\/revisions"}],"predecessor-version":[{"id":548,"href":"https:\/\/schodywk.instalelektryk.pl\/index.php?rest_route=\/wp\/v2\/pages\/527\/revisions\/548"}],"wp:attachment":[{"href":"https:\/\/schodywk.instalelektryk.pl\/index.php?rest_route=%2Fwp%2Fv2%2Fmedia&parent=527"}],"curies":[{"name":"wp","href":"https:\/\/api.w.org\/{rel}","templated":true}]}}