{"id":495,"date":"2025-06-01T23:53:21","date_gmt":"2025-06-01T21:53:21","guid":{"rendered":"https:\/\/schodywk.instalelektryk.pl\/?page_id=495"},"modified":"2025-06-02T00:18:42","modified_gmt":"2025-06-01T22:18:42","slug":"schody-jednobelkowe-2","status":"publish","type":"page","link":"https:\/\/schodywk.instalelektryk.pl\/?page_id=495","title":{"rendered":"Schody jednobelkowe"},"content":{"rendered":"\t\t<div data-elementor-type=\"wp-page\" data-elementor-id=\"495\" class=\"elementor elementor-495\" data-elementor-post-type=\"page\">\n\t\t\t\t<div class=\"elementor-element elementor-element-71e754a8 e-con-full e-flex elementor-invisible e-con e-parent\" data-id=\"71e754a8\" data-element_type=\"container\" data-settings=\"{&quot;animation&quot;:&quot;fadeInUp&quot;}\">\n\t\t\t\t<div class=\"elementor-element elementor-element-302c7be0 elementor-widget__width-initial elementor-widget-mobile__width-initial elementor-widget elementor-widget-text-editor\" data-id=\"302c7be0\" data-element_type=\"widget\" data-widget_type=\"text-editor.default\">\n\t\t\t\t<div class=\"elementor-widget-container\">\n\t\t\t\t\t\t\t\t\t<p dir=\"ltr\" data-pm-slice=\"1 3 []\">Wyj\u0105tkowe wn\u0119trza potrzebuj\u0105 wyj\u0105tkowych detali. Schody jednobelkowe to koncepcja, kt\u00f3ra od razu przykuwa uwag\u0119 \u2014 dzi\u0119ki jednej, umieszczonej osiowo belce, stanowi\u0105cej no\u015bn\u0105 konstrukcj\u0119 dla ca\u0142ej formy.<\/p>\t\t\t\t\t\t\t\t<\/div>\n\t\t\t\t<\/div>\n\t\t\t\t<div class=\"elementor-element elementor-element-1cdcc2de elementor-widget__width-initial elementor-widget-mobile__width-initial elementor-widget elementor-widget-heading\" data-id=\"1cdcc2de\" data-element_type=\"widget\" data-widget_type=\"heading.default\">\n\t\t\t\t<div class=\"elementor-widget-container\">\n\t\t\t\t\t<h2 class=\"elementor-heading-title elementor-size-default\">Takiej solidno\u015bci ka\u017cdy Ci pozazdrosci<\/h2>\t\t\t\t<\/div>\n\t\t\t\t<\/div>\n\t\t<div class=\"elementor-element elementor-element-5f6431bb e-con-full e-flex e-con e-child\" data-id=\"5f6431bb\" data-element_type=\"container\" data-settings=\"{&quot;background_background&quot;:&quot;classic&quot;,&quot;background_motion_fx_motion_fx_scrolling&quot;:&quot;yes&quot;,&quot;background_motion_fx_blur_effect&quot;:&quot;yes&quot;,&quot;background_motion_fx_range&quot;:&quot;viewport&quot;,&quot;background_motion_fx_motion_fx_mouse&quot;:&quot;yes&quot;,&quot;background_motion_fx_mouseTrack_effect&quot;:&quot;yes&quot;,&quot;background_motion_fx_blur_direction&quot;:&quot;out-in&quot;,&quot;background_motion_fx_blur_level&quot;:{&quot;unit&quot;:&quot;px&quot;,&quot;size&quot;:7,&quot;sizes&quot;:[]},&quot;background_motion_fx_blur_range&quot;:{&quot;unit&quot;:&quot;%&quot;,&quot;size&quot;:&quot;&quot;,&quot;sizes&quot;:{&quot;start&quot;:20,&quot;end&quot;:80}},&quot;background_motion_fx_devices&quot;:[&quot;desktop&quot;,&quot;tablet&quot;,&quot;mobile&quot;],&quot;background_motion_fx_mouseTrack_speed&quot;:{&quot;unit&quot;:&quot;px&quot;,&quot;size&quot;:1,&quot;sizes&quot;:[]}}\">\n\t\t\t\t<div class=\"elementor-element elementor-element-574a93ed elementor-widget__width-initial e-transform elementor-widget elementor-widget-image\" data-id=\"574a93ed\" data-element_type=\"widget\" data-settings=\"{&quot;motion_fx_motion_fx_scrolling&quot;:&quot;yes&quot;,&quot;_transform_scale_effect&quot;:{&quot;unit&quot;:&quot;px&quot;,&quot;size&quot;:2,&quot;sizes&quot;:[]},&quot;motion_fx_translateX_effect&quot;:&quot;yes&quot;,&quot;motion_fx_translateX_affectedRange&quot;:{&quot;unit&quot;:&quot;%&quot;,&quot;size&quot;:&quot;&quot;,&quot;sizes&quot;:{&quot;start&quot;:0,&quot;end&quot;:36}},&quot;motion_fx_scale_effect&quot;:&quot;yes&quot;,&quot;motion_fx_translateX_speed&quot;:{&quot;unit&quot;:&quot;px&quot;,&quot;size&quot;:4,&quot;sizes&quot;:[]},&quot;motion_fx_scale_direction&quot;:&quot;out-in&quot;,&quot;motion_fx_scale_speed&quot;:{&quot;unit&quot;:&quot;px&quot;,&quot;size&quot;:4,&quot;sizes&quot;:[]},&quot;motion_fx_scale_range&quot;:{&quot;unit&quot;:&quot;%&quot;,&quot;size&quot;:&quot;&quot;,&quot;sizes&quot;:{&quot;start&quot;:20,&quot;end&quot;:80}},&quot;motion_fx_devices&quot;:[&quot;desktop&quot;,&quot;tablet&quot;,&quot;mobile&quot;],&quot;_transform_scale_effect_tablet&quot;:{&quot;unit&quot;:&quot;px&quot;,&quot;size&quot;:&quot;&quot;,&quot;sizes&quot;:[]},&quot;_transform_scale_effect_mobile&quot;:{&quot;unit&quot;:&quot;px&quot;,&quot;size&quot;:&quot;&quot;,&quot;sizes&quot;:[]}}\" data-widget_type=\"image.default\">\n\t\t\t\t<div class=\"elementor-widget-container\">\n\t\t\t\t\t\t\t\t\t\t\t\t\t\t\t<img fetchpriority=\"high\" decoding=\"async\" width=\"800\" height=\"671\" src=\"https:\/\/schodywk.instalelektryk.pl\/wp-content\/uploads\/2025\/06\/9.png\" class=\"attachment-large size-large wp-image-518\" alt=\"\" srcset=\"https:\/\/schodywk.instalelektryk.pl\/wp-content\/uploads\/2025\/06\/9.png 940w, https:\/\/schodywk.instalelektryk.pl\/wp-content\/uploads\/2025\/06\/9-300x251.png 300w, https:\/\/schodywk.instalelektryk.pl\/wp-content\/uploads\/2025\/06\/9-768x644.png 768w, https:\/\/schodywk.instalelektryk.pl\/wp-content\/uploads\/2025\/06\/9-32x27.png 32w, https:\/\/schodywk.instalelektryk.pl\/wp-content\/uploads\/2025\/06\/9-600x503.png 600w\" sizes=\"(max-width: 800px) 100vw, 800px\" \/>\t\t\t\t\t\t\t\t\t\t\t\t\t\t\t<\/div>\n\t\t\t\t<\/div>\n\t\t\t\t<\/div>\n\t\t\t\t<\/div>\n\t\t<div class=\"elementor-element elementor-element-edd150a animated-slow e-flex e-con-boxed elementor-invisible e-con e-parent\" data-id=\"edd150a\" data-element_type=\"container\" data-settings=\"{&quot;animation&quot;:&quot;zoomInRight&quot;,&quot;background_background&quot;:&quot;classic&quot;}\">\n\t\t\t\t\t<div class=\"e-con-inner\">\n\t\t<div class=\"elementor-element elementor-element-d5f75aa e-con-full e-flex e-con e-child\" data-id=\"d5f75aa\" data-element_type=\"container\" data-settings=\"{&quot;background_background&quot;:&quot;classic&quot;,&quot;background_motion_fx_motion_fx_scrolling&quot;:&quot;yes&quot;,&quot;background_motion_fx_blur_effect&quot;:&quot;yes&quot;,&quot;background_motion_fx_range&quot;:&quot;viewport&quot;,&quot;background_motion_fx_motion_fx_mouse&quot;:&quot;yes&quot;,&quot;background_motion_fx_mouseTrack_effect&quot;:&quot;yes&quot;,&quot;background_motion_fx_blur_direction&quot;:&quot;out-in&quot;,&quot;background_motion_fx_blur_level&quot;:{&quot;unit&quot;:&quot;px&quot;,&quot;size&quot;:7,&quot;sizes&quot;:[]},&quot;background_motion_fx_blur_range&quot;:{&quot;unit&quot;:&quot;%&quot;,&quot;size&quot;:&quot;&quot;,&quot;sizes&quot;:{&quot;start&quot;:20,&quot;end&quot;:80}},&quot;background_motion_fx_devices&quot;:[&quot;desktop&quot;,&quot;tablet&quot;,&quot;mobile&quot;],&quot;background_motion_fx_mouseTrack_speed&quot;:{&quot;unit&quot;:&quot;px&quot;,&quot;size&quot;:1,&quot;sizes&quot;:[]}}\">\n\t\t\t\t<div class=\"elementor-element elementor-element-fbe766f e-transform elementor-widget elementor-widget-shortcode\" data-id=\"fbe766f\" data-element_type=\"widget\" data-settings=\"{&quot;_transform_scale_effect&quot;:{&quot;unit&quot;:&quot;px&quot;,&quot;size&quot;:1.2,&quot;sizes&quot;:[]},&quot;_transform_scale_effect_tablet&quot;:{&quot;unit&quot;:&quot;px&quot;,&quot;size&quot;:&quot;&quot;,&quot;sizes&quot;:[]},&quot;_transform_scale_effect_mobile&quot;:{&quot;unit&quot;:&quot;px&quot;,&quot;size&quot;:&quot;&quot;,&quot;sizes&quot;:[]}}\" data-widget_type=\"shortcode.default\">\n\t\t\t\t<div class=\"elementor-widget-container\">\n\t\t\t\t\t\t\t<div class=\"elementor-shortcode\">\n        <div class=\"modelViewerBlock\" data-attributes='{&quot;align&quot;:&quot;center&quot;,&quot;uniqueId&quot;:&quot;model512&quot;,&quot;currentViewer&quot;:&quot;modelViewer&quot;,&quot;multiple&quot;:false,&quot;model&quot;:{&quot;modelUrl&quot;:&quot;https:\\\/\\\/schodywk.instalelektryk.pl\\\/wp-content\\\/uploads\\\/2025\\\/06\\\/tolmers_rd.glb&quot;,&quot;poster&quot;:&quot;&quot;},&quot;O3DVSettings&quot;:{&quot;isFullscreen&quot;:true,&quot;isPagination&quot;:false,&quot;isNavigation&quot;:true,&quot;camera&quot;:null,&quot;mouseControl&quot;:true},&quot;models&quot;:[],&quot;lazyLoad&quot;:false,&quot;loading&quot;:&quot;auto&quot;,&quot;autoplay&quot;:false,&quot;shadow&quot;:true,&quot;autoRotate&quot;:false,&quot;zoom&quot;:true,&quot;isPagination&quot;:false,&quot;isNavigation&quot;:true,&quot;preload&quot;:&quot;auto&quot;,&quot;rotationPerSecond&quot;:&quot;30&quot;,&quot;mouseControl&quot;:true,&quot;fullscreen&quot;:true,&quot;variant&quot;:false,&quot;loadingPercentage&quot;:false,&quot;progressBar&quot;:true,&quot;rotate&quot;:false,&quot;rotateAlongX&quot;:&quot;0&quot;,&quot;rotateAlongY&quot;:&quot;75&quot;,&quot;exposure&quot;:&quot;1&quot;,&quot;styles&quot;:{&quot;width&quot;:&quot;100%&quot;,&quot;height&quot;:&quot;320px&quot;,&quot;bgColor&quot;:&quot;transparent&quot;,&quot;progressBarColor&quot;:&quot;&quot;},&quot;stylesheet&quot;:null,&quot;additional&quot;:{&quot;ID&quot;:&quot;&quot;,&quot;Class&quot;:&quot;&quot;,&quot;CSS&quot;:&quot;&quot;},&quot;animation&quot;:false,&quot;woo&quot;:false,&quot;selectedAnimation&quot;:&quot;&quot;}'><\/div>\n\n        <\/div>\n\t\t\t\t\t\t<\/div>\n\t\t\t\t<\/div>\n\t\t\t\t<div class=\"elementor-element elementor-element-928fdfe elementor-widget__width-initial elementor-widget-mobile__width-initial elementor-widget elementor-widget-text-editor\" data-id=\"928fdfe\" data-element_type=\"widget\" data-widget_type=\"text-editor.default\">\n\t\t\t\t<div class=\"elementor-widget-container\">\n\t\t\t\t\t\t\t\t\t<p data-start=\"159\" data-end=\"753\">(Obracaj obiektem 3d za pomoc\u0105 palc\u00f3w, lub kursora)<\/p>\t\t\t\t\t\t\t\t<\/div>\n\t\t\t\t<\/div>\n\t\t\t\t<\/div>\n\t\t\t\t<div class=\"elementor-element elementor-element-80b7036 elementor-widget__width-initial elementor-widget-mobile__width-initial elementor-widget elementor-widget-heading\" data-id=\"80b7036\" data-element_type=\"widget\" data-widget_type=\"heading.default\">\n\t\t\t\t<div class=\"elementor-widget-container\">\n\t\t\t\t\t<h2 class=\"elementor-heading-title elementor-size-default\">Z nami od projektu a\u017c do monta\u017cu<\/h2>\t\t\t\t<\/div>\n\t\t\t\t<\/div>\n\t\t\t\t<div class=\"elementor-element elementor-element-458c8e4 elementor-widget__width-initial elementor-widget-mobile__width-initial elementor-widget elementor-widget-text-editor\" data-id=\"458c8e4\" data-element_type=\"widget\" data-widget_type=\"text-editor.default\">\n\t\t\t\t<div class=\"elementor-widget-container\">\n\t\t\t\t\t\t\t\t\t<p data-start=\"159\" data-end=\"753\">Ich elegancki kszta\u0142t pozwala na szerokie mo\u017cliwo\u015bci aran\u017cacyjne: mo\u017cesz wybra\u0107 klasyczn\u0105 balustrad\u0119 z poziomym lub pionowym wype\u0142nieniem albo postawi\u0107 na bardziej nowoczesne rozwi\u0105zania, takie jak pionowe profile (np. rurki stalowe) si\u0119gaj\u0105ce od stopni a\u017c po strop. Dzi\u0119ki temu schody jednobelkowe pasuj\u0105 zar\u00f3wno do minimalistycznych przestrzeni, jak i wn\u0119trz w stylu loftowym czy klasycznym.<\/p>\t\t\t\t\t\t\t\t<\/div>\n\t\t\t\t<\/div>\n\t\t\t\t\t<\/div>\n\t\t\t\t<\/div>\n\t\t<div class=\"elementor-element elementor-element-5020568 e-flex e-con-boxed elementor-invisible e-con e-parent\" data-id=\"5020568\" data-element_type=\"container\" data-settings=\"{&quot;animation&quot;:&quot;fadeIn&quot;,&quot;background_background&quot;:&quot;video&quot;,&quot;background_play_on_mobile&quot;:&quot;yes&quot;}\">\n\t\t\t\t\t<div class=\"e-con-inner\">\n\t\t\t\t<div class=\"elementor-element elementor-element-b73af96 elementor-widget__width-initial elementor-widget-mobile__width-initial elementor-widget elementor-widget-heading\" data-id=\"b73af96\" data-element_type=\"widget\" data-widget_type=\"heading.default\">\n\t\t\t\t<div class=\"elementor-widget-container\">\n\t\t\t\t\t<h2 class=\"elementor-heading-title elementor-size-default\">Wyj\u0105tkowe dzie\u0142o naszych r\u0105k<\/h2>\t\t\t\t<\/div>\n\t\t\t\t<\/div>\n\t\t\t\t<div class=\"elementor-element elementor-element-16ca2fe elementor-widget__width-initial elementor-widget-mobile__width-initial elementor-widget elementor-widget-text-editor\" data-id=\"16ca2fe\" data-element_type=\"widget\" data-widget_type=\"text-editor.default\">\n\t\t\t\t<div class=\"elementor-widget-container\">\n\t\t\t\t\t\t\t\t\t<h3 data-start=\"155\" data-end=\"187\">Chcesz czego\u015b naprawd\u0119 wyj\u0105tkowego?<br \/><br \/>Zamkni\u0119ta belka z pionowym wype\u0142nieniem przechodz\u0105cym p\u0142ynnie w barierk\u0119 wok\u00f3\u0142 otworu stworzy ponadczasowy, harmonijny efekt.<br \/><br \/>A je\u015bli marzysz o odrobinie industrialnego charakteru \u2014 zastosowanie stalowych lin doda wn\u0119trzu nowoczesnego, surowego sznytu. <br \/><br \/>Ka\u017cdy detal tych schod\u00f3w mo\u017cesz dopasowa\u0107 do siebie: od kszta\u0142tu stopni, przez wyko\u0144czenie, a\u017c po materia\u0142 balustrady.<\/h3>\t\t\t\t\t\t\t\t<\/div>\n\t\t\t\t<\/div>\n\t\t<div class=\"elementor-element elementor-element-ddf328f e-con-full e-flex e-con e-child\" data-id=\"ddf328f\" data-element_type=\"container\" data-settings=\"{&quot;background_background&quot;:&quot;classic&quot;,&quot;background_motion_fx_motion_fx_scrolling&quot;:&quot;yes&quot;,&quot;background_motion_fx_blur_effect&quot;:&quot;yes&quot;,&quot;background_motion_fx_range&quot;:&quot;viewport&quot;,&quot;background_motion_fx_motion_fx_mouse&quot;:&quot;yes&quot;,&quot;background_motion_fx_mouseTrack_effect&quot;:&quot;yes&quot;,&quot;background_motion_fx_blur_direction&quot;:&quot;out-in&quot;,&quot;background_motion_fx_blur_level&quot;:{&quot;unit&quot;:&quot;px&quot;,&quot;size&quot;:7,&quot;sizes&quot;:[]},&quot;background_motion_fx_blur_range&quot;:{&quot;unit&quot;:&quot;%&quot;,&quot;size&quot;:&quot;&quot;,&quot;sizes&quot;:{&quot;start&quot;:20,&quot;end&quot;:80}},&quot;background_motion_fx_devices&quot;:[&quot;desktop&quot;,&quot;tablet&quot;,&quot;mobile&quot;],&quot;background_motion_fx_mouseTrack_speed&quot;:{&quot;unit&quot;:&quot;px&quot;,&quot;size&quot;:1,&quot;sizes&quot;:[]}}\">\n\t\t\t\t<div class=\"elementor-element elementor-element-8239769 elementor-widget__width-initial elementor-widget elementor-widget-image\" data-id=\"8239769\" data-element_type=\"widget\" data-widget_type=\"image.default\">\n\t\t\t\t<div class=\"elementor-widget-container\">\n\t\t\t\t\t\t\t\t\t\t\t\t\t\t\t<img decoding=\"async\" width=\"800\" height=\"671\" src=\"https:\/\/schodywk.instalelektryk.pl\/wp-content\/uploads\/2025\/06\/13.png\" class=\"attachment-large size-large wp-image-522\" alt=\"\" srcset=\"https:\/\/schodywk.instalelektryk.pl\/wp-content\/uploads\/2025\/06\/13.png 940w, https:\/\/schodywk.instalelektryk.pl\/wp-content\/uploads\/2025\/06\/13-300x251.png 300w, https:\/\/schodywk.instalelektryk.pl\/wp-content\/uploads\/2025\/06\/13-768x644.png 768w, https:\/\/schodywk.instalelektryk.pl\/wp-content\/uploads\/2025\/06\/13-32x27.png 32w, https:\/\/schodywk.instalelektryk.pl\/wp-content\/uploads\/2025\/06\/13-600x503.png 600w\" sizes=\"(max-width: 800px) 100vw, 800px\" \/>\t\t\t\t\t\t\t\t\t\t\t\t\t\t\t<\/div>\n\t\t\t\t<\/div>\n\t\t\t\t<\/div>\n\t\t\t\t\t<\/div>\n\t\t\t\t<\/div>\n\t\t<div class=\"elementor-element elementor-element-c8adca0 e-flex e-con-boxed e-con e-parent\" data-id=\"c8adca0\" data-element_type=\"container\">\n\t\t\t\t\t<div class=\"e-con-inner\">\n\t\t<div class=\"elementor-element elementor-element-3b46d7d animated-slow e-con-full e-flex elementor-invisible e-con e-child\" data-id=\"3b46d7d\" data-element_type=\"container\" data-settings=\"{&quot;animation&quot;:&quot;zoomInRight&quot;,&quot;background_background&quot;:&quot;classic&quot;}\">\n\t\t\t\t<div class=\"elementor-element elementor-element-7fe7382 elementor-widget__width-initial elementor-widget-mobile__width-initial elementor-widget elementor-widget-heading\" data-id=\"7fe7382\" data-element_type=\"widget\" data-widget_type=\"heading.default\">\n\t\t\t\t<div class=\"elementor-widget-container\">\n\t\t\t\t\t<h2 class=\"elementor-heading-title elementor-size-default\">Zaprojektujemy Twoje schody<\/h2>\t\t\t\t<\/div>\n\t\t\t\t<\/div>\n\t\t\t\t<div class=\"elementor-element elementor-element-726771a e-transform elementor-widget elementor-widget-image\" data-id=\"726771a\" data-element_type=\"widget\" data-settings=\"{&quot;_transform_scale_effect&quot;:{&quot;unit&quot;:&quot;px&quot;,&quot;size&quot;:1.1,&quot;sizes&quot;:[]},&quot;_transform_scale_effect_tablet&quot;:{&quot;unit&quot;:&quot;px&quot;,&quot;size&quot;:&quot;&quot;,&quot;sizes&quot;:[]},&quot;_transform_scale_effect_mobile&quot;:{&quot;unit&quot;:&quot;px&quot;,&quot;size&quot;:&quot;&quot;,&quot;sizes&quot;:[]}}\" data-widget_type=\"image.default\">\n\t\t\t\t<div class=\"elementor-widget-container\">\n\t\t\t\t\t\t\t\t\t\t\t\t\t\t\t<img decoding=\"async\" width=\"800\" height=\"671\" src=\"https:\/\/schodywk.instalelektryk.pl\/wp-content\/uploads\/2025\/06\/10.png\" class=\"attachment-large size-large wp-image-519\" alt=\"\" srcset=\"https:\/\/schodywk.instalelektryk.pl\/wp-content\/uploads\/2025\/06\/10.png 940w, https:\/\/schodywk.instalelektryk.pl\/wp-content\/uploads\/2025\/06\/10-300x251.png 300w, https:\/\/schodywk.instalelektryk.pl\/wp-content\/uploads\/2025\/06\/10-768x644.png 768w, https:\/\/schodywk.instalelektryk.pl\/wp-content\/uploads\/2025\/06\/10-32x27.png 32w, https:\/\/schodywk.instalelektryk.pl\/wp-content\/uploads\/2025\/06\/10-600x503.png 600w\" sizes=\"(max-width: 800px) 100vw, 800px\" \/>\t\t\t\t\t\t\t\t\t\t\t\t\t\t\t<\/div>\n\t\t\t\t<\/div>\n\t\t\t\t<div class=\"elementor-element elementor-element-84ca505 elementor-widget__width-initial elementor-widget-mobile__width-initial elementor-widget elementor-widget-text-editor\" data-id=\"84ca505\" data-element_type=\"widget\" data-widget_type=\"text-editor.default\">\n\t\t\t\t<div class=\"elementor-widget-container\">\n\t\t\t\t\t\t\t\t\t<p data-start=\"159\" data-end=\"753\">Zaprojektujmy razem schody, kt\u00f3re nie tylko \u0142\u0105cz\u0105 pi\u0119tra, ale te\u017c staj\u0105 si\u0119 centralnym punktem Twojego domu. Skontaktuj si\u0119 z nami \u2014 przygotujemy indywidualny projekt, pomo\u017cemy w wyborze najlepszych rozwi\u0105za\u0144 i zadbamy, \u017ceby ka\u017cdy szczeg\u00f3\u0142 by\u0142 perfekcyjnie dopracowany. Tw\u00f3j pomys\u0142, nasza konstrukcja \u2014 efekt, kt\u00f3ry Ci\u0119 zachwyci!<\/p>\t\t\t\t\t\t\t\t<\/div>\n\t\t\t\t<\/div>\n\t\t\t\t<\/div>\n\t\t\t\t\t<\/div>\n\t\t\t\t<\/div>\n\t\t\t\t<\/div>\n\t\t","protected":false},"excerpt":{"rendered":"<p>Wyj\u0105tkowe wn\u0119trza potrzebuj\u0105 wyj\u0105tkowych detali. Schody jednobelkowe to koncepcja, kt\u00f3ra od razu przykuwa uwag\u0119 \u2014 dzi\u0119ki jednej, umieszczonej osiowo belce, stanowi\u0105cej no\u015bn\u0105 konstrukcj\u0119 dla ca\u0142ej formy. Takiej solidno\u015bci ka\u017cdy Ci pozazdrosci (Obracaj obiektem 3d za pomoc\u0105 palc\u00f3w, lub kursora) Z nami od projektu a\u017c do monta\u017cu Ich elegancki kszta\u0142t pozwala na szerokie mo\u017cliwo\u015bci aran\u017cacyjne: mo\u017cesz [&hellip;]<\/p>\n","protected":false},"author":1,"featured_media":0,"parent":0,"menu_order":0,"comment_status":"closed","ping_status":"closed","template":"","meta":{"footnotes":""},"class_list":["post-495","page","type-page","status-publish","hentry"],"_links":{"self":[{"href":"https:\/\/schodywk.instalelektryk.pl\/index.php?rest_route=\/wp\/v2\/pages\/495","targetHints":{"allow":["GET"]}}],"collection":[{"href":"https:\/\/schodywk.instalelektryk.pl\/index.php?rest_route=\/wp\/v2\/pages"}],"about":[{"href":"https:\/\/schodywk.instalelektryk.pl\/index.php?rest_route=\/wp\/v2\/types\/page"}],"author":[{"embeddable":true,"href":"https:\/\/schodywk.instalelektryk.pl\/index.php?rest_route=\/wp\/v2\/users\/1"}],"replies":[{"embeddable":true,"href":"https:\/\/schodywk.instalelektryk.pl\/index.php?rest_route=%2Fwp%2Fv2%2Fcomments&post=495"}],"version-history":[{"count":7,"href":"https:\/\/schodywk.instalelektryk.pl\/index.php?rest_route=\/wp\/v2\/pages\/495\/revisions"}],"predecessor-version":[{"id":526,"href":"https:\/\/schodywk.instalelektryk.pl\/index.php?rest_route=\/wp\/v2\/pages\/495\/revisions\/526"}],"wp:attachment":[{"href":"https:\/\/schodywk.instalelektryk.pl\/index.php?rest_route=%2Fwp%2Fv2%2Fmedia&parent=495"}],"curies":[{"name":"wp","href":"https:\/\/api.w.org\/{rel}","templated":true}]}}