{"id":426,"date":"2025-06-01T20:27:00","date_gmt":"2025-06-01T18:27:00","guid":{"rendered":"https:\/\/schodywk.instalelektryk.pl\/?page_id=426"},"modified":"2025-06-01T21:24:40","modified_gmt":"2025-06-01T19:24:40","slug":"schody-spiralne","status":"publish","type":"page","link":"https:\/\/schodywk.instalelektryk.pl\/?page_id=426","title":{"rendered":"Schody spiralne"},"content":{"rendered":"\t\t<div data-elementor-type=\"wp-page\" data-elementor-id=\"426\" class=\"elementor elementor-426\" data-elementor-post-type=\"page\">\n\t\t\t\t<div class=\"elementor-element elementor-element-71e754a8 e-con-full e-flex elementor-invisible e-con e-parent\" data-id=\"71e754a8\" data-element_type=\"container\" data-settings=\"{&quot;animation&quot;:&quot;fadeInUp&quot;}\">\n\t\t\t\t<div class=\"elementor-element elementor-element-302c7be0 elementor-widget__width-initial elementor-widget-mobile__width-initial elementor-widget elementor-widget-text-editor\" data-id=\"302c7be0\" data-element_type=\"widget\" data-widget_type=\"text-editor.default\">\n\t\t\t\t<div class=\"elementor-widget-container\">\n\t\t\t\t\t\t\t\t\t<p dir=\"ltr\" data-pm-slice=\"1 3 []\">Wyobra\u017a sobie wn\u0119trze, kt\u00f3re ju\u017c od wej\u015bcia przyci\u0105ga wzrok \u2014 a jego sercem s\u0105 efektowne, spiralne schody metalowe. To nie tylko funkcjonalny element, ale prawdziwa rze\u017aba architektoniczna w Twoim domu lub<\/p>\t\t\t\t\t\t\t\t<\/div>\n\t\t\t\t<\/div>\n\t\t\t\t<div class=\"elementor-element elementor-element-1cdcc2de elementor-widget__width-initial elementor-widget-mobile__width-initial elementor-widget elementor-widget-heading\" data-id=\"1cdcc2de\" data-element_type=\"widget\" data-widget_type=\"heading.default\">\n\t\t\t\t<div class=\"elementor-widget-container\">\n\t\t\t\t\t<h2 class=\"elementor-heading-title elementor-size-default\">efektowny design i maksymalna oszcz\u0119dno\u015b\u0107 przestrzeni<\/h2>\t\t\t\t<\/div>\n\t\t\t\t<\/div>\n\t\t<div class=\"elementor-element elementor-element-5f6431bb e-con-full e-flex e-con e-child\" data-id=\"5f6431bb\" data-element_type=\"container\" data-settings=\"{&quot;background_background&quot;:&quot;classic&quot;,&quot;background_motion_fx_motion_fx_scrolling&quot;:&quot;yes&quot;,&quot;background_motion_fx_blur_effect&quot;:&quot;yes&quot;,&quot;background_motion_fx_range&quot;:&quot;viewport&quot;,&quot;background_motion_fx_motion_fx_mouse&quot;:&quot;yes&quot;,&quot;background_motion_fx_mouseTrack_effect&quot;:&quot;yes&quot;,&quot;background_motion_fx_blur_direction&quot;:&quot;out-in&quot;,&quot;background_motion_fx_blur_level&quot;:{&quot;unit&quot;:&quot;px&quot;,&quot;size&quot;:7,&quot;sizes&quot;:[]},&quot;background_motion_fx_blur_range&quot;:{&quot;unit&quot;:&quot;%&quot;,&quot;size&quot;:&quot;&quot;,&quot;sizes&quot;:{&quot;start&quot;:20,&quot;end&quot;:80}},&quot;background_motion_fx_devices&quot;:[&quot;desktop&quot;,&quot;tablet&quot;,&quot;mobile&quot;],&quot;background_motion_fx_mouseTrack_speed&quot;:{&quot;unit&quot;:&quot;px&quot;,&quot;size&quot;:1,&quot;sizes&quot;:[]}}\">\n\t\t\t\t<div class=\"elementor-element elementor-element-574a93ed elementor-widget__width-initial e-transform elementor-widget elementor-widget-image\" data-id=\"574a93ed\" data-element_type=\"widget\" data-settings=\"{&quot;motion_fx_motion_fx_scrolling&quot;:&quot;yes&quot;,&quot;motion_fx_rotateZ_effect&quot;:&quot;yes&quot;,&quot;motion_fx_rotateZ_direction&quot;:&quot;negative&quot;,&quot;motion_fx_rotateZ_speed&quot;:{&quot;unit&quot;:&quot;px&quot;,&quot;size&quot;:0.6,&quot;sizes&quot;:[]},&quot;_transform_scale_effect&quot;:{&quot;unit&quot;:&quot;px&quot;,&quot;size&quot;:2,&quot;sizes&quot;:[]},&quot;motion_fx_rotateZ_affectedRange&quot;:{&quot;unit&quot;:&quot;%&quot;,&quot;size&quot;:&quot;&quot;,&quot;sizes&quot;:{&quot;start&quot;:0,&quot;end&quot;:100}},&quot;motion_fx_devices&quot;:[&quot;desktop&quot;,&quot;tablet&quot;,&quot;mobile&quot;],&quot;_transform_scale_effect_tablet&quot;:{&quot;unit&quot;:&quot;px&quot;,&quot;size&quot;:&quot;&quot;,&quot;sizes&quot;:[]},&quot;_transform_scale_effect_mobile&quot;:{&quot;unit&quot;:&quot;px&quot;,&quot;size&quot;:&quot;&quot;,&quot;sizes&quot;:[]}}\" data-widget_type=\"image.default\">\n\t\t\t\t<div class=\"elementor-widget-container\">\n\t\t\t\t\t\t\t\t\t\t\t\t\t\t\t<img fetchpriority=\"high\" decoding=\"async\" width=\"800\" height=\"671\" src=\"https:\/\/schodywk.instalelektryk.pl\/wp-content\/uploads\/2025\/06\/Schody-spiralne.png\" class=\"attachment-large size-large wp-image-436\" alt=\"\" srcset=\"https:\/\/schodywk.instalelektryk.pl\/wp-content\/uploads\/2025\/06\/Schody-spiralne.png 940w, https:\/\/schodywk.instalelektryk.pl\/wp-content\/uploads\/2025\/06\/Schody-spiralne-300x251.png 300w, https:\/\/schodywk.instalelektryk.pl\/wp-content\/uploads\/2025\/06\/Schody-spiralne-768x644.png 768w, https:\/\/schodywk.instalelektryk.pl\/wp-content\/uploads\/2025\/06\/Schody-spiralne-32x27.png 32w, https:\/\/schodywk.instalelektryk.pl\/wp-content\/uploads\/2025\/06\/Schody-spiralne-600x503.png 600w\" sizes=\"(max-width: 800px) 100vw, 800px\" \/>\t\t\t\t\t\t\t\t\t\t\t\t\t\t\t<\/div>\n\t\t\t\t<\/div>\n\t\t\t\t<\/div>\n\t\t\t\t<\/div>\n\t\t<div class=\"elementor-element elementor-element-edd150a animated-slow e-flex e-con-boxed elementor-invisible e-con e-parent\" data-id=\"edd150a\" data-element_type=\"container\" data-settings=\"{&quot;animation&quot;:&quot;zoomInRight&quot;,&quot;background_background&quot;:&quot;classic&quot;}\">\n\t\t\t\t\t<div class=\"e-con-inner\">\n\t\t<div class=\"elementor-element elementor-element-d5f75aa e-con-full e-flex e-con e-child\" data-id=\"d5f75aa\" data-element_type=\"container\" data-settings=\"{&quot;background_background&quot;:&quot;classic&quot;,&quot;background_motion_fx_motion_fx_scrolling&quot;:&quot;yes&quot;,&quot;background_motion_fx_blur_effect&quot;:&quot;yes&quot;,&quot;background_motion_fx_range&quot;:&quot;viewport&quot;,&quot;background_motion_fx_motion_fx_mouse&quot;:&quot;yes&quot;,&quot;background_motion_fx_mouseTrack_effect&quot;:&quot;yes&quot;,&quot;background_motion_fx_blur_direction&quot;:&quot;out-in&quot;,&quot;background_motion_fx_blur_level&quot;:{&quot;unit&quot;:&quot;px&quot;,&quot;size&quot;:7,&quot;sizes&quot;:[]},&quot;background_motion_fx_blur_range&quot;:{&quot;unit&quot;:&quot;%&quot;,&quot;size&quot;:&quot;&quot;,&quot;sizes&quot;:{&quot;start&quot;:20,&quot;end&quot;:80}},&quot;background_motion_fx_devices&quot;:[&quot;desktop&quot;,&quot;tablet&quot;,&quot;mobile&quot;],&quot;background_motion_fx_mouseTrack_speed&quot;:{&quot;unit&quot;:&quot;px&quot;,&quot;size&quot;:1,&quot;sizes&quot;:[]}}\">\n\t\t\t\t<div class=\"elementor-element elementor-element-fbe766f e-transform elementor-widget elementor-widget-shortcode\" data-id=\"fbe766f\" data-element_type=\"widget\" data-settings=\"{&quot;_transform_scale_effect&quot;:{&quot;unit&quot;:&quot;px&quot;,&quot;size&quot;:1.2,&quot;sizes&quot;:[]},&quot;_transform_scale_effect_tablet&quot;:{&quot;unit&quot;:&quot;px&quot;,&quot;size&quot;:&quot;&quot;,&quot;sizes&quot;:[]},&quot;_transform_scale_effect_mobile&quot;:{&quot;unit&quot;:&quot;px&quot;,&quot;size&quot;:&quot;&quot;,&quot;sizes&quot;:[]}}\" data-widget_type=\"shortcode.default\">\n\t\t\t\t<div class=\"elementor-widget-container\">\n\t\t\t\t\t\t\t<div class=\"elementor-shortcode\">\n        <div class=\"modelViewerBlock\" data-attributes='{&quot;align&quot;:&quot;center&quot;,&quot;uniqueId&quot;:&quot;model428&quot;,&quot;currentViewer&quot;:&quot;modelViewer&quot;,&quot;multiple&quot;:false,&quot;model&quot;:{&quot;modelUrl&quot;:&quot;https:\\\/\\\/schodywk.instalelektryk.pl\\\/wp-content\\\/uploads\\\/2025\\\/06\\\/spiral_stairs_cable_railing.glb&quot;,&quot;poster&quot;:&quot;&quot;},&quot;O3DVSettings&quot;:{&quot;isFullscreen&quot;:true,&quot;isPagination&quot;:false,&quot;isNavigation&quot;:true,&quot;camera&quot;:null,&quot;mouseControl&quot;:true},&quot;models&quot;:[],&quot;lazyLoad&quot;:false,&quot;loading&quot;:&quot;auto&quot;,&quot;autoplay&quot;:false,&quot;shadow&quot;:true,&quot;autoRotate&quot;:false,&quot;zoom&quot;:true,&quot;isPagination&quot;:false,&quot;isNavigation&quot;:true,&quot;preload&quot;:&quot;auto&quot;,&quot;rotationPerSecond&quot;:&quot;30&quot;,&quot;mouseControl&quot;:true,&quot;fullscreen&quot;:true,&quot;variant&quot;:false,&quot;loadingPercentage&quot;:false,&quot;progressBar&quot;:true,&quot;rotate&quot;:false,&quot;rotateAlongX&quot;:&quot;0&quot;,&quot;rotateAlongY&quot;:&quot;75&quot;,&quot;exposure&quot;:&quot;1&quot;,&quot;styles&quot;:{&quot;width&quot;:&quot;100%&quot;,&quot;height&quot;:&quot;320px&quot;,&quot;bgColor&quot;:&quot;transparent&quot;,&quot;progressBarColor&quot;:&quot;&quot;},&quot;stylesheet&quot;:null,&quot;additional&quot;:{&quot;ID&quot;:&quot;&quot;,&quot;Class&quot;:&quot;&quot;,&quot;CSS&quot;:&quot;&quot;},&quot;animation&quot;:false,&quot;woo&quot;:false,&quot;selectedAnimation&quot;:&quot;&quot;}'><\/div>\n\n        <\/div>\n\t\t\t\t\t\t<\/div>\n\t\t\t\t<\/div>\n\t\t\t\t<div class=\"elementor-element elementor-element-928fdfe elementor-widget__width-initial elementor-widget-mobile__width-initial elementor-widget elementor-widget-text-editor\" data-id=\"928fdfe\" data-element_type=\"widget\" data-widget_type=\"text-editor.default\">\n\t\t\t\t<div class=\"elementor-widget-container\">\n\t\t\t\t\t\t\t\t\t<p data-start=\"159\" data-end=\"753\">(Obracaj obiektem 3d za pomoc\u0105 palc\u00f3w, lub kursora)<\/p>\t\t\t\t\t\t\t\t<\/div>\n\t\t\t\t<\/div>\n\t\t\t\t<\/div>\n\t\t\t\t<div class=\"elementor-element elementor-element-80b7036 elementor-widget__width-initial elementor-widget-mobile__width-initial elementor-widget elementor-widget-heading\" data-id=\"80b7036\" data-element_type=\"widget\" data-widget_type=\"heading.default\">\n\t\t\t\t<div class=\"elementor-widget-container\">\n\t\t\t\t\t<h2 class=\"elementor-heading-title elementor-size-default\">Monolityczna rze\u017aba w Twoim domu<\/h2>\t\t\t\t<\/div>\n\t\t\t\t<\/div>\n\t\t\t\t<div class=\"elementor-element elementor-element-458c8e4 elementor-widget__width-initial elementor-widget-mobile__width-initial elementor-widget elementor-widget-text-editor\" data-id=\"458c8e4\" data-element_type=\"widget\" data-widget_type=\"text-editor.default\">\n\t\t\t\t<div class=\"elementor-widget-container\">\n\t\t\t\t\t\t\t\t\t<p data-start=\"159\" data-end=\"753\">Dzi\u0119ki przemy\u015blanej, spiralnej konstrukcji nasze schody zajmuj\u0105 minimaln\u0105 powierzchni\u0119, pozwalaj\u0105c maksymalnie wykorzysta\u0107 ka\u017cdy metr kwadratowy. Wykonane z trwa\u0142ego metalu, gwarantuj\u0105 bezpiecze\u0144stwo, stabilno\u015b\u0107 i odporno\u015b\u0107 na uszkodzenia. Ich nowoczesny, loftowy charakter \u015bwietnie wpisuje si\u0119 w r\u00f3\u017cnorodne style \u2014 od minimalistycznych wn\u0119trz po industrialne aran\u017cacje.<\/p>\t\t\t\t\t\t\t\t<\/div>\n\t\t\t\t<\/div>\n\t\t\t\t\t<\/div>\n\t\t\t\t<\/div>\n\t\t<div class=\"elementor-element elementor-element-5020568 e-flex e-con-boxed elementor-invisible e-con e-parent\" data-id=\"5020568\" data-element_type=\"container\" data-settings=\"{&quot;animation&quot;:&quot;fadeIn&quot;,&quot;background_background&quot;:&quot;video&quot;,&quot;background_video_link&quot;:&quot;https:\\\/\\\/schodywk.instalelektryk.pl\\\/wp-content\\\/uploads\\\/2025\\\/06\\\/Schody-Spiralne-Metalowe.mp4&quot;,&quot;background_play_on_mobile&quot;:&quot;yes&quot;}\">\n\t\t\t\t\t<div class=\"e-con-inner\">\n\t\t<div class=\"elementor-background-video-container\">\n\t\t\t\t\t\t\t<video class=\"elementor-background-video-hosted\" autoplay muted playsinline loop><\/video>\n\t\t\t\t\t<\/div>\t\t<div class=\"elementor-element elementor-element-b73af96 elementor-widget__width-initial elementor-widget-mobile__width-initial elementor-widget elementor-widget-heading\" data-id=\"b73af96\" data-element_type=\"widget\" data-widget_type=\"heading.default\">\n\t\t\t\t<div class=\"elementor-widget-container\">\n\t\t\t\t\t<h2 class=\"elementor-heading-title elementor-size-default\">Wyj\u0105tkowe dzie\u0142o naszych r\u0105k<\/h2>\t\t\t\t<\/div>\n\t\t\t\t<\/div>\n\t\t\t\t<div class=\"elementor-element elementor-element-16ca2fe elementor-widget__width-initial elementor-widget-mobile__width-initial elementor-widget elementor-widget-text-editor\" data-id=\"16ca2fe\" data-element_type=\"widget\" data-widget_type=\"text-editor.default\">\n\t\t\t\t<div class=\"elementor-widget-container\">\n\t\t\t\t\t\t\t\t\t<h3 data-start=\"155\" data-end=\"187\">Chcesz schod\u00f3w, kt\u00f3re nie tylko \u0142\u0105cz\u0105 pi\u0119tra, ale te\u017c zachwycaj\u0105 designem? Marzysz o konstrukcji, kt\u00f3ra b\u0119dzie s\u0142u\u017cy\u0107 przez lata i nie wymaga skomplikowanej piel\u0119gnacji? Nasze metalowe schody spiralne to inwestycja w trwa\u0142o\u015b\u0107, elegancj\u0119 i oszcz\u0119dno\u015b\u0107 miejsca \u2014 projekt dopasowany do Twoich potrzeb, wykonany z najwy\u017csz\u0105 precyzj\u0105.<\/h3>\t\t\t\t\t\t\t\t<\/div>\n\t\t\t\t<\/div>\n\t\t<div class=\"elementor-element elementor-element-ddf328f e-con-full e-flex e-con e-child\" data-id=\"ddf328f\" data-element_type=\"container\" data-settings=\"{&quot;background_background&quot;:&quot;classic&quot;,&quot;background_motion_fx_motion_fx_scrolling&quot;:&quot;yes&quot;,&quot;background_motion_fx_blur_effect&quot;:&quot;yes&quot;,&quot;background_motion_fx_range&quot;:&quot;viewport&quot;,&quot;background_motion_fx_motion_fx_mouse&quot;:&quot;yes&quot;,&quot;background_motion_fx_mouseTrack_effect&quot;:&quot;yes&quot;,&quot;background_motion_fx_blur_direction&quot;:&quot;out-in&quot;,&quot;background_motion_fx_blur_level&quot;:{&quot;unit&quot;:&quot;px&quot;,&quot;size&quot;:7,&quot;sizes&quot;:[]},&quot;background_motion_fx_blur_range&quot;:{&quot;unit&quot;:&quot;%&quot;,&quot;size&quot;:&quot;&quot;,&quot;sizes&quot;:{&quot;start&quot;:20,&quot;end&quot;:80}},&quot;background_motion_fx_devices&quot;:[&quot;desktop&quot;,&quot;tablet&quot;,&quot;mobile&quot;],&quot;background_motion_fx_mouseTrack_speed&quot;:{&quot;unit&quot;:&quot;px&quot;,&quot;size&quot;:1,&quot;sizes&quot;:[]}}\">\n\t\t\t\t<div class=\"elementor-element elementor-element-8239769 elementor-widget__width-initial elementor-widget elementor-widget-image\" data-id=\"8239769\" data-element_type=\"widget\" data-widget_type=\"image.default\">\n\t\t\t\t<div class=\"elementor-widget-container\">\n\t\t\t\t\t\t\t\t\t\t\t\t\t\t\t<img decoding=\"async\" width=\"481\" height=\"788\" src=\"https:\/\/schodywk.instalelektryk.pl\/wp-content\/uploads\/2025\/06\/schody-metalowe-spiralne-e1748803643433.png\" class=\"attachment-large size-large wp-image-434\" alt=\"\" srcset=\"https:\/\/schodywk.instalelektryk.pl\/wp-content\/uploads\/2025\/06\/schody-metalowe-spiralne-e1748803643433.png 481w, https:\/\/schodywk.instalelektryk.pl\/wp-content\/uploads\/2025\/06\/schody-metalowe-spiralne-e1748803643433-183x300.png 183w, https:\/\/schodywk.instalelektryk.pl\/wp-content\/uploads\/2025\/06\/schody-metalowe-spiralne-e1748803643433-20x32.png 20w\" sizes=\"(max-width: 481px) 100vw, 481px\" \/>\t\t\t\t\t\t\t\t\t\t\t\t\t\t\t<\/div>\n\t\t\t\t<\/div>\n\t\t\t\t<\/div>\n\t\t\t\t\t<\/div>\n\t\t\t\t<\/div>\n\t\t<div class=\"elementor-element elementor-element-c8adca0 e-flex e-con-boxed e-con e-parent\" data-id=\"c8adca0\" data-element_type=\"container\">\n\t\t\t\t\t<div class=\"e-con-inner\">\n\t\t<div class=\"elementor-element elementor-element-3b46d7d animated-slow e-con-full e-flex elementor-invisible e-con e-child\" data-id=\"3b46d7d\" data-element_type=\"container\" data-settings=\"{&quot;animation&quot;:&quot;zoomInRight&quot;,&quot;background_background&quot;:&quot;classic&quot;}\">\n\t\t\t\t<div class=\"elementor-element elementor-element-7fe7382 elementor-widget__width-initial elementor-widget-mobile__width-initial elementor-widget elementor-widget-heading\" data-id=\"7fe7382\" data-element_type=\"widget\" data-widget_type=\"heading.default\">\n\t\t\t\t<div class=\"elementor-widget-container\">\n\t\t\t\t\t<h2 class=\"elementor-heading-title elementor-size-default\">Zaprojektujemy Twoje schody<\/h2>\t\t\t\t<\/div>\n\t\t\t\t<\/div>\n\t\t\t\t<div class=\"elementor-element elementor-element-726771a e-transform elementor-widget elementor-widget-image\" data-id=\"726771a\" data-element_type=\"widget\" data-settings=\"{&quot;_transform_scale_effect&quot;:{&quot;unit&quot;:&quot;px&quot;,&quot;size&quot;:1.1,&quot;sizes&quot;:[]},&quot;_transform_scale_effect_tablet&quot;:{&quot;unit&quot;:&quot;px&quot;,&quot;size&quot;:&quot;&quot;,&quot;sizes&quot;:[]},&quot;_transform_scale_effect_mobile&quot;:{&quot;unit&quot;:&quot;px&quot;,&quot;size&quot;:&quot;&quot;,&quot;sizes&quot;:[]}}\" data-widget_type=\"image.default\">\n\t\t\t\t<div class=\"elementor-widget-container\">\n\t\t\t\t\t\t\t\t\t\t\t\t\t\t\t<img decoding=\"async\" width=\"800\" height=\"671\" src=\"https:\/\/schodywk.instalelektryk.pl\/wp-content\/uploads\/2025\/06\/7.png\" class=\"attachment-large size-large wp-image-430\" alt=\"\" srcset=\"https:\/\/schodywk.instalelektryk.pl\/wp-content\/uploads\/2025\/06\/7.png 940w, https:\/\/schodywk.instalelektryk.pl\/wp-content\/uploads\/2025\/06\/7-300x251.png 300w, https:\/\/schodywk.instalelektryk.pl\/wp-content\/uploads\/2025\/06\/7-768x644.png 768w, https:\/\/schodywk.instalelektryk.pl\/wp-content\/uploads\/2025\/06\/7-32x27.png 32w, https:\/\/schodywk.instalelektryk.pl\/wp-content\/uploads\/2025\/06\/7-600x503.png 600w\" sizes=\"(max-width: 800px) 100vw, 800px\" \/>\t\t\t\t\t\t\t\t\t\t\t\t\t\t\t<\/div>\n\t\t\t\t<\/div>\n\t\t\t\t<div class=\"elementor-element elementor-element-84ca505 elementor-widget__width-initial elementor-widget-mobile__width-initial elementor-widget elementor-widget-text-editor\" data-id=\"84ca505\" data-element_type=\"widget\" data-widget_type=\"text-editor.default\">\n\t\t\t\t<div class=\"elementor-widget-container\">\n\t\t\t\t\t\t\t\t\t<p data-start=\"159\" data-end=\"753\">Dzi\u0119ki solidnej konstrukcji zapewniaj\u0105 pe\u0142ne bezpiecze\u0144stwo u\u017cytkowania, a ich uniwersalny design doskonale wpisuje si\u0119 zar\u00f3wno w nowoczesne, jak i klasyczne wn\u0119trza. Schody spiralne mog\u0105 by\u0107 uzupe\u0142nione o dodatkowe elementy, takie jak stalowe liny, barierki szklane czy minimalistyczne por\u0119cze, co pozwala na pe\u0142ne dopasowanie ich do charakteru przestrzeni.<\/p>\t\t\t\t\t\t\t\t<\/div>\n\t\t\t\t<\/div>\n\t\t\t\t<\/div>\n\t\t\t\t\t<\/div>\n\t\t\t\t<\/div>\n\t\t\t\t<\/div>\n\t\t","protected":false},"excerpt":{"rendered":"<p>Wyobra\u017a sobie wn\u0119trze, kt\u00f3re ju\u017c od wej\u015bcia przyci\u0105ga wzrok \u2014 a jego sercem s\u0105 efektowne, spiralne schody metalowe. To nie tylko funkcjonalny element, ale prawdziwa rze\u017aba architektoniczna w Twoim domu lub efektowny design i maksymalna oszcz\u0119dno\u015b\u0107 przestrzeni (Obracaj obiektem 3d za pomoc\u0105 palc\u00f3w, lub kursora) Monolityczna rze\u017aba w Twoim domu Dzi\u0119ki przemy\u015blanej, spiralnej konstrukcji nasze [&hellip;]<\/p>\n","protected":false},"author":1,"featured_media":0,"parent":0,"menu_order":0,"comment_status":"closed","ping_status":"closed","template":"","meta":{"footnotes":""},"class_list":["post-426","page","type-page","status-publish","hentry"],"_links":{"self":[{"href":"https:\/\/schodywk.instalelektryk.pl\/index.php?rest_route=\/wp\/v2\/pages\/426","targetHints":{"allow":["GET"]}}],"collection":[{"href":"https:\/\/schodywk.instalelektryk.pl\/index.php?rest_route=\/wp\/v2\/pages"}],"about":[{"href":"https:\/\/schodywk.instalelektryk.pl\/index.php?rest_route=\/wp\/v2\/types\/page"}],"author":[{"embeddable":true,"href":"https:\/\/schodywk.instalelektryk.pl\/index.php?rest_route=\/wp\/v2\/users\/1"}],"replies":[{"embeddable":true,"href":"https:\/\/schodywk.instalelektryk.pl\/index.php?rest_route=%2Fwp%2Fv2%2Fcomments&post=426"}],"version-history":[{"count":58,"href":"https:\/\/schodywk.instalelektryk.pl\/index.php?rest_route=\/wp\/v2\/pages\/426\/revisions"}],"predecessor-version":[{"id":494,"href":"https:\/\/schodywk.instalelektryk.pl\/index.php?rest_route=\/wp\/v2\/pages\/426\/revisions\/494"}],"wp:attachment":[{"href":"https:\/\/schodywk.instalelektryk.pl\/index.php?rest_route=%2Fwp%2Fv2%2Fmedia&parent=426"}],"curies":[{"name":"wp","href":"https:\/\/api.w.org\/{rel}","templated":true}]}}