{"id":184,"date":"2025-04-17T11:13:37","date_gmt":"2025-04-17T09:13:37","guid":{"rendered":"https:\/\/schodywk.instalelektryk.pl\/?page_id=184"},"modified":"2025-06-01T19:49:35","modified_gmt":"2025-06-01T17:49:35","slug":"schody-polkowe","status":"publish","type":"page","link":"https:\/\/schodywk.instalelektryk.pl\/?page_id=184","title":{"rendered":"Schody p\u00f3\u0142kowe"},"content":{"rendered":"\t\t<div data-elementor-type=\"wp-page\" data-elementor-id=\"184\" class=\"elementor elementor-184\" data-elementor-post-type=\"page\">\n\t\t\t\t<div class=\"elementor-element elementor-element-71e754a8 e-con-full e-flex elementor-invisible e-con e-parent\" data-id=\"71e754a8\" data-element_type=\"container\" data-settings=\"{&quot;animation&quot;:&quot;fadeInUp&quot;}\">\n\t\t\t\t<div class=\"elementor-element elementor-element-302c7be0 elementor-widget__width-initial elementor-widget-mobile__width-initial elementor-widget elementor-widget-text-editor\" data-id=\"302c7be0\" data-element_type=\"widget\" data-widget_type=\"text-editor.default\">\n\t\t\t\t<div class=\"elementor-widget-container\">\n\t\t\t\t\t\t\t\t\t<p dir=\"ltr\" data-pm-slice=\"1 3 []\">Minimalistyczna konstrukcja schod\u00f3w p\u00f3\u0142kowych to jedna z najciekawszych propozycji ostatnich lat w naszej bran\u017cy. Lekkie, potrafi\u0105ce dopasowa\u0107 si\u0119 do ka\u017cdego rodzaju wn\u0119trza i zaoszcz\u0119dzi\u0107 mn\u00f3stwo przestrzeni. S\u0105 przy tym atrakcyjne wizualnie: sprawiaj\u0105 wra\u017cenie wyrastaj\u0105cych ze \u015bciany, a w pewnych aran\u017cacjach stopnie wr\u0119cz \u201ewisz\u0105\u201d w powietrzu. Schody p\u00f3\u0142kowe przy ca\u0142ej swojej lekko\u015bci wizualnej s\u0105 przy tym bezpieczne, za co odpowiada solidne mocowanie przy pomocy \u015brub kotwionych chemicznie w \u015bcian\u0119 no\u015bn\u0105, lub mocowanych przelotowo przez \u015bciany dzia\u0142owe. Dzi\u0119ki temu s\u0105 bezpieczne. Znosz\u0105 obci\u0105\u017cenia wielokrotno\u015b\u0107 ludzkiego cia\u0142a. Barierka z niewielkiego profila, rurki albo z linki stalowej, przytwierdzonej pionowo a\u017c do stropu b\u0119dzie optymalnym rozi\u0105zaniem dla schod\u00f3w p\u00f3\u0142kowych. Do wykonania stopni najcz\u0119\u015bciej stosujemy wytrzyma\u0142\u0105 stal, kt\u00f3r\u0105 obudowujemy drewnianymi nak\u0142adkami. Ciekawe alternatywne rozwi\u0105zanie architektoniczne stanowi\u0105 te\u017c schody p\u00f3\u0142kowe wykonane ze szk\u0142a lub tworzywa poliw\u0119glanowego.<\/p>\t\t\t\t\t\t\t\t<\/div>\n\t\t\t\t<\/div>\n\t\t\t\t<div class=\"elementor-element elementor-element-1cdcc2de elementor-widget__width-initial elementor-widget-mobile__width-initial elementor-hidden-mobile elementor-widget elementor-widget-heading\" data-id=\"1cdcc2de\" data-element_type=\"widget\" data-widget_type=\"heading.default\">\n\t\t\t\t<div class=\"elementor-widget-container\">\n\t\t\t\t\t<h2 class=\"elementor-heading-title elementor-size-default\">Lekko\u015b\u0107 designu<\/h2>\t\t\t\t<\/div>\n\t\t\t\t<\/div>\n\t\t<div class=\"elementor-element elementor-element-5f6431bb e-con-full e-flex e-con e-child\" data-id=\"5f6431bb\" data-element_type=\"container\" data-settings=\"{&quot;background_background&quot;:&quot;classic&quot;,&quot;background_motion_fx_motion_fx_scrolling&quot;:&quot;yes&quot;,&quot;background_motion_fx_blur_effect&quot;:&quot;yes&quot;,&quot;background_motion_fx_range&quot;:&quot;viewport&quot;,&quot;background_motion_fx_motion_fx_mouse&quot;:&quot;yes&quot;,&quot;background_motion_fx_mouseTrack_effect&quot;:&quot;yes&quot;,&quot;background_motion_fx_blur_direction&quot;:&quot;out-in&quot;,&quot;background_motion_fx_blur_level&quot;:{&quot;unit&quot;:&quot;px&quot;,&quot;size&quot;:7,&quot;sizes&quot;:[]},&quot;background_motion_fx_blur_range&quot;:{&quot;unit&quot;:&quot;%&quot;,&quot;size&quot;:&quot;&quot;,&quot;sizes&quot;:{&quot;start&quot;:20,&quot;end&quot;:80}},&quot;background_motion_fx_devices&quot;:[&quot;desktop&quot;,&quot;tablet&quot;,&quot;mobile&quot;],&quot;background_motion_fx_mouseTrack_speed&quot;:{&quot;unit&quot;:&quot;px&quot;,&quot;size&quot;:1,&quot;sizes&quot;:[]}}\">\n\t\t\t\t<div class=\"elementor-element elementor-element-574a93ed elementor-widget__width-initial elementor-widget elementor-widget-image\" data-id=\"574a93ed\" data-element_type=\"widget\" data-widget_type=\"image.default\">\n\t\t\t\t<div class=\"elementor-widget-container\">\n\t\t\t\t\t\t\t\t\t\t\t\t\t\t\t<img fetchpriority=\"high\" decoding=\"async\" width=\"800\" height=\"800\" src=\"https:\/\/schodywk.instalelektryk.pl\/wp-content\/uploads\/2025\/06\/Schody-polkowe-Realizacja-1024x1024.jpg\" class=\"attachment-large size-large wp-image-372\" alt=\"\" srcset=\"https:\/\/schodywk.instalelektryk.pl\/wp-content\/uploads\/2025\/06\/Schody-polkowe-Realizacja-1024x1024.jpg 1024w, https:\/\/schodywk.instalelektryk.pl\/wp-content\/uploads\/2025\/06\/Schody-polkowe-Realizacja-300x300.jpg 300w, https:\/\/schodywk.instalelektryk.pl\/wp-content\/uploads\/2025\/06\/Schody-polkowe-Realizacja-150x150.jpg 150w, https:\/\/schodywk.instalelektryk.pl\/wp-content\/uploads\/2025\/06\/Schody-polkowe-Realizacja-768x768.jpg 768w, https:\/\/schodywk.instalelektryk.pl\/wp-content\/uploads\/2025\/06\/Schody-polkowe-Realizacja-1536x1536.jpg 1536w, https:\/\/schodywk.instalelektryk.pl\/wp-content\/uploads\/2025\/06\/Schody-polkowe-Realizacja-32x32.jpg 32w, https:\/\/schodywk.instalelektryk.pl\/wp-content\/uploads\/2025\/06\/Schody-polkowe-Realizacja-600x600.jpg 600w, https:\/\/schodywk.instalelektryk.pl\/wp-content\/uploads\/2025\/06\/Schody-polkowe-Realizacja-100x100.jpg 100w, https:\/\/schodywk.instalelektryk.pl\/wp-content\/uploads\/2025\/06\/Schody-polkowe-Realizacja.jpg 1562w\" sizes=\"(max-width: 800px) 100vw, 800px\" \/>\t\t\t\t\t\t\t\t\t\t\t\t\t\t\t<\/div>\n\t\t\t\t<\/div>\n\t\t\t\t<\/div>\n\t\t\t\t<\/div>\n\t\t<div class=\"elementor-element elementor-element-edd150a animated-slow e-flex e-con-boxed elementor-invisible e-con e-parent\" data-id=\"edd150a\" data-element_type=\"container\" data-settings=\"{&quot;animation&quot;:&quot;zoomInRight&quot;,&quot;background_background&quot;:&quot;classic&quot;}\">\n\t\t\t\t\t<div class=\"e-con-inner\">\n\t\t<div class=\"elementor-element elementor-element-d5f75aa e-con-full e-flex e-con e-child\" data-id=\"d5f75aa\" data-element_type=\"container\" data-settings=\"{&quot;background_background&quot;:&quot;classic&quot;,&quot;background_motion_fx_motion_fx_scrolling&quot;:&quot;yes&quot;,&quot;background_motion_fx_blur_effect&quot;:&quot;yes&quot;,&quot;background_motion_fx_range&quot;:&quot;viewport&quot;,&quot;background_motion_fx_motion_fx_mouse&quot;:&quot;yes&quot;,&quot;background_motion_fx_mouseTrack_effect&quot;:&quot;yes&quot;,&quot;background_motion_fx_blur_direction&quot;:&quot;out-in&quot;,&quot;background_motion_fx_blur_level&quot;:{&quot;unit&quot;:&quot;px&quot;,&quot;size&quot;:7,&quot;sizes&quot;:[]},&quot;background_motion_fx_blur_range&quot;:{&quot;unit&quot;:&quot;%&quot;,&quot;size&quot;:&quot;&quot;,&quot;sizes&quot;:{&quot;start&quot;:20,&quot;end&quot;:80}},&quot;background_motion_fx_devices&quot;:[&quot;desktop&quot;,&quot;tablet&quot;,&quot;mobile&quot;],&quot;background_motion_fx_mouseTrack_speed&quot;:{&quot;unit&quot;:&quot;px&quot;,&quot;size&quot;:1,&quot;sizes&quot;:[]}}\">\n\t\t\t\t<div class=\"elementor-element elementor-element-e19fd3b elementor-widget__width-initial elementor-widget elementor-widget-image\" data-id=\"e19fd3b\" data-element_type=\"widget\" data-widget_type=\"image.default\">\n\t\t\t\t<div class=\"elementor-widget-container\">\n\t\t\t\t\t\t\t\t\t\t\t\t\t\t\t<img decoding=\"async\" width=\"628\" height=\"797\" src=\"https:\/\/schodywk.instalelektryk.pl\/wp-content\/uploads\/2025\/06\/Schody-polkowe-Poznan.jpg\" class=\"attachment-large size-large wp-image-373\" alt=\"\" srcset=\"https:\/\/schodywk.instalelektryk.pl\/wp-content\/uploads\/2025\/06\/Schody-polkowe-Poznan.jpg 628w, https:\/\/schodywk.instalelektryk.pl\/wp-content\/uploads\/2025\/06\/Schody-polkowe-Poznan-236x300.jpg 236w, https:\/\/schodywk.instalelektryk.pl\/wp-content\/uploads\/2025\/06\/Schody-polkowe-Poznan-25x32.jpg 25w, https:\/\/schodywk.instalelektryk.pl\/wp-content\/uploads\/2025\/06\/Schody-polkowe-Poznan-600x761.jpg 600w\" sizes=\"(max-width: 628px) 100vw, 628px\" \/>\t\t\t\t\t\t\t\t\t\t\t\t\t\t\t<\/div>\n\t\t\t\t<\/div>\n\t\t\t\t<\/div>\n\t\t\t\t<div class=\"elementor-element elementor-element-80b7036 elementor-widget__width-initial elementor-widget-mobile__width-initial elementor-widget elementor-widget-heading\" data-id=\"80b7036\" data-element_type=\"widget\" data-widget_type=\"heading.default\">\n\t\t\t\t<div class=\"elementor-widget-container\">\n\t\t\t\t\t<h2 class=\"elementor-heading-title elementor-size-default\">Lewituj\u0105ce stopnie<\/h2>\t\t\t\t<\/div>\n\t\t\t\t<\/div>\n\t\t\t\t<div class=\"elementor-element elementor-element-458c8e4 elementor-widget__width-initial elementor-widget-mobile__width-initial elementor-widget elementor-widget-text-editor\" data-id=\"458c8e4\" data-element_type=\"widget\" data-widget_type=\"text-editor.default\">\n\t\t\t\t<div class=\"elementor-widget-container\">\n\t\t\t\t\t\t\t\t\t<p data-start=\"159\" data-end=\"753\">Dzi\u0119ki solidnej konstrukcji zapewniaj\u0105 pe\u0142ne bezpiecze\u0144stwo u\u017cytkowania, a ich uniwersalny design doskonale wpisuje si\u0119 zar\u00f3wno w nowoczesne, jak i klasyczne wn\u0119trza. Schody p\u00f3\u0142kowe mog\u0105 by\u0107 uzupe\u0142nione o dodatkowe elementy, takie jak stalowe liny, barierki szklane czy minimalistyczne por\u0119cze, co pozwala na pe\u0142ne dopasowanie ich do charakteru przestrzeni.<\/p>\t\t\t\t\t\t\t\t<\/div>\n\t\t\t\t<\/div>\n\t\t\t\t\t<\/div>\n\t\t\t\t<\/div>\n\t\t<div class=\"elementor-element elementor-element-5020568 e-flex e-con-boxed elementor-invisible e-con e-parent\" data-id=\"5020568\" data-element_type=\"container\" data-settings=\"{&quot;animation&quot;:&quot;fadeIn&quot;}\">\n\t\t\t\t\t<div class=\"e-con-inner\">\n\t\t\t\t<div class=\"elementor-element elementor-element-b73af96 elementor-widget__width-initial elementor-widget-mobile__width-initial elementor-widget elementor-widget-heading\" data-id=\"b73af96\" data-element_type=\"widget\" data-widget_type=\"heading.default\">\n\t\t\t\t<div class=\"elementor-widget-container\">\n\t\t\t\t\t<h2 class=\"elementor-heading-title elementor-size-default\">Te schody rysuj\u0105 now\u0105 przestrze\u0144 w Twoim domu<\/h2>\t\t\t\t<\/div>\n\t\t\t\t<\/div>\n\t\t\t\t<div class=\"elementor-element elementor-element-16ca2fe elementor-widget__width-initial elementor-widget-mobile__width-initial elementor-widget elementor-widget-text-editor\" data-id=\"16ca2fe\" data-element_type=\"widget\" data-widget_type=\"text-editor.default\">\n\t\t\t\t<div class=\"elementor-widget-container\">\n\t\t\t\t\t\t\t\t\t<h3 data-start=\"155\" data-end=\"187\"><strong data-start=\"159\" data-end=\"185\">Schody p\u00f3\u0142kowe &#8211; Projektowanie 3d<\/strong><\/h3><p data-start=\"1507\" data-end=\"1773\"><strong data-start=\"1509\" data-end=\"1565\">Minimalistyczny wygl\u0105d?<\/strong><\/p><p data-start=\"1507\" data-end=\"1773\">\u00a0<\/p><p data-start=\"1507\" data-end=\"1773\"><strong data-start=\"1509\" data-end=\"1565\"> Maksymalnie z\u0142o\u017cony projekt.<\/strong><br data-start=\"1565\" data-end=\"1568\" \/>To, co dla klienta jest \u201eprostym, czystym designem\u201d, w rzeczywisto\u015bci wymaga zaawansowanego projektu konstrukcyjnego, dok\u0142adnych oblicze\u0144 i wsp\u00f3\u0142pracy kilku specjalist\u00f3w<\/p><p data-start=\"1507\" data-end=\"1773\">\u00a0<\/p><p data-start=\"1507\" data-end=\"1773\">(projektant, wykonawca, architekt).<br \/><br \/>Dlatego, je\u017celi marzysz o takich schodach do swojego domu, skontaktuj si\u0119 z nami<\/p>\t\t\t\t\t\t\t\t<\/div>\n\t\t\t\t<\/div>\n\t\t<div class=\"elementor-element elementor-element-ddf328f e-con-full e-flex e-con e-child\" data-id=\"ddf328f\" data-element_type=\"container\" data-settings=\"{&quot;background_background&quot;:&quot;classic&quot;,&quot;background_motion_fx_motion_fx_scrolling&quot;:&quot;yes&quot;,&quot;background_motion_fx_blur_effect&quot;:&quot;yes&quot;,&quot;background_motion_fx_range&quot;:&quot;viewport&quot;,&quot;background_motion_fx_motion_fx_mouse&quot;:&quot;yes&quot;,&quot;background_motion_fx_mouseTrack_effect&quot;:&quot;yes&quot;,&quot;background_motion_fx_blur_direction&quot;:&quot;out-in&quot;,&quot;background_motion_fx_blur_level&quot;:{&quot;unit&quot;:&quot;px&quot;,&quot;size&quot;:7,&quot;sizes&quot;:[]},&quot;background_motion_fx_blur_range&quot;:{&quot;unit&quot;:&quot;%&quot;,&quot;size&quot;:&quot;&quot;,&quot;sizes&quot;:{&quot;start&quot;:20,&quot;end&quot;:80}},&quot;background_motion_fx_devices&quot;:[&quot;desktop&quot;,&quot;tablet&quot;,&quot;mobile&quot;],&quot;background_motion_fx_mouseTrack_speed&quot;:{&quot;unit&quot;:&quot;px&quot;,&quot;size&quot;:1,&quot;sizes&quot;:[]}}\">\n\t\t\t\t<div class=\"elementor-element elementor-element-8239769 elementor-widget__width-initial elementor-widget elementor-widget-image\" data-id=\"8239769\" data-element_type=\"widget\" data-widget_type=\"image.default\">\n\t\t\t\t<div class=\"elementor-widget-container\">\n\t\t\t\t\t\t\t\t\t\t\t\t\t\t\t<img decoding=\"async\" width=\"800\" height=\"450\" src=\"https:\/\/schodywk.instalelektryk.pl\/wp-content\/uploads\/2025\/04\/schody-1024x576.webp\" class=\"attachment-large size-large wp-image-41\" alt=\"\" srcset=\"https:\/\/schodywk.instalelektryk.pl\/wp-content\/uploads\/2025\/04\/schody-1024x576.webp 1024w, https:\/\/schodywk.instalelektryk.pl\/wp-content\/uploads\/2025\/04\/schody-300x169.webp 300w, https:\/\/schodywk.instalelektryk.pl\/wp-content\/uploads\/2025\/04\/schody-768x432.webp 768w, https:\/\/schodywk.instalelektryk.pl\/wp-content\/uploads\/2025\/04\/schody.webp 1536w\" sizes=\"(max-width: 800px) 100vw, 800px\" \/>\t\t\t\t\t\t\t\t\t\t\t\t\t\t\t<\/div>\n\t\t\t\t<\/div>\n\t\t\t\t<\/div>\n\t\t\t\t\t<\/div>\n\t\t\t\t<\/div>\n\t\t\t\t<\/div>\n\t\t","protected":false},"excerpt":{"rendered":"<p>Minimalistyczna konstrukcja schod\u00f3w p\u00f3\u0142kowych to jedna z najciekawszych propozycji ostatnich lat w naszej bran\u017cy. Lekkie, potrafi\u0105ce dopasowa\u0107 si\u0119 do ka\u017cdego rodzaju wn\u0119trza i zaoszcz\u0119dzi\u0107 mn\u00f3stwo przestrzeni. S\u0105 przy tym atrakcyjne wizualnie: sprawiaj\u0105 wra\u017cenie wyrastaj\u0105cych ze \u015bciany, a w pewnych aran\u017cacjach stopnie wr\u0119cz \u201ewisz\u0105\u201d w powietrzu. Schody p\u00f3\u0142kowe przy ca\u0142ej swojej lekko\u015bci wizualnej s\u0105 przy tym [&hellip;]<\/p>\n","protected":false},"author":1,"featured_media":0,"parent":0,"menu_order":0,"comment_status":"closed","ping_status":"closed","template":"","meta":{"footnotes":""},"class_list":["post-184","page","type-page","status-publish","hentry"],"_links":{"self":[{"href":"https:\/\/schodywk.instalelektryk.pl\/index.php?rest_route=\/wp\/v2\/pages\/184","targetHints":{"allow":["GET"]}}],"collection":[{"href":"https:\/\/schodywk.instalelektryk.pl\/index.php?rest_route=\/wp\/v2\/pages"}],"about":[{"href":"https:\/\/schodywk.instalelektryk.pl\/index.php?rest_route=\/wp\/v2\/types\/page"}],"author":[{"embeddable":true,"href":"https:\/\/schodywk.instalelektryk.pl\/index.php?rest_route=\/wp\/v2\/users\/1"}],"replies":[{"embeddable":true,"href":"https:\/\/schodywk.instalelektryk.pl\/index.php?rest_route=%2Fwp%2Fv2%2Fcomments&post=184"}],"version-history":[{"count":28,"href":"https:\/\/schodywk.instalelektryk.pl\/index.php?rest_route=\/wp\/v2\/pages\/184\/revisions"}],"predecessor-version":[{"id":409,"href":"https:\/\/schodywk.instalelektryk.pl\/index.php?rest_route=\/wp\/v2\/pages\/184\/revisions\/409"}],"wp:attachment":[{"href":"https:\/\/schodywk.instalelektryk.pl\/index.php?rest_route=%2Fwp%2Fv2%2Fmedia&parent=184"}],"curies":[{"name":"wp","href":"https:\/\/api.w.org\/{rel}","templated":true}]}}